{"id":9551,"date":"2023-02-21T12:09:15","date_gmt":"2023-02-21T12:09:15","guid":{"rendered":"https:\/\/upliift.com\/politique-de-confidentialite\/"},"modified":"2025-06-06T09:19:16","modified_gmt":"2025-06-06T08:19:16","slug":"politique-de-confidentialite","status":"publish","type":"page","link":"https:\/\/upliift.com\/fr\/politique-de-confidentialite\/","title":{"rendered":"Politique de confidentialit\u00e9"},"content":{"rendered":"[vc_row type=\u00a0\u00bbin_container\u00a0\u00bb full_screen_row_position=\u00a0\u00bbmiddle\u00a0\u00bb column_margin=\u00a0\u00bbdefault\u00a0\u00bb equal_height=\u00a0\u00bbyes\u00a0\u00bb content_placement=\u00a0\u00bbmiddle\u00a0\u00bb column_direction=\u00a0\u00bbdefault\u00a0\u00bb column_direction_tablet=\u00a0\u00bbdefault\u00a0\u00bb column_direction_phone=\u00a0\u00bbdefault\u00a0\u00bb scene_position=\u00a0\u00bbcenter\u00a0\u00bb constrain_group_2=\u00a0\u00bbyes\u00a0\u00bb top_padding_tablet=\u00a0\u00bb20%\u00a0\u00bb top_padding_phone=\u00a0\u00bb25%\u00a0\u00bb text_color=\u00a0\u00bbdark\u00a0\u00bb text_align=\u00a0\u00bbleft\u00a0\u00bb row_border_radius=\u00a0\u00bbnone\u00a0\u00bb row_border_radius_applies=\u00a0\u00bbbg\u00a0\u00bb zindex=\u00a0\u00bb100&Prime; overflow=\u00a0\u00bbvisible\u00a0\u00bb advanced_gradient_angle=\u00a0\u00bb0&Prime; overlay_strength=\u00a0\u00bb0.3&Prime; gradient_direction=\u00a0\u00bbleft_to_right\u00a0\u00bb shape_divider_position=\u00a0\u00bbbottom\u00a0\u00bb bg_image_animation=\u00a0\u00bbfade-in\u00a0\u00bb gradient_type=\u00a0\u00bbdefault\u00a0\u00bb shape_type=\u00a0\u00bb\u00a0\u00bb][vc_column column_padding=\u00a0\u00bbno-extra-padding\u00a0\u00bb column_padding_tablet=\u00a0\u00bbinherit\u00a0\u00bb column_padding_phone=\u00a0\u00bbinherit\u00a0\u00bb column_padding_position=\u00a0\u00bball\u00a0\u00bb column_element_spacing=\u00a0\u00bbdefault\u00a0\u00bb background_color_opacity=\u00a0\u00bb1&Prime; background_hover_color_opacity=\u00a0\u00bb1&Prime; column_shadow=\u00a0\u00bbnone\u00a0\u00bb column_border_radius=\u00a0\u00bbnone\u00a0\u00bb column_link_target=\u00a0\u00bb_self\u00a0\u00bb column_position=\u00a0\u00bbdefault\u00a0\u00bb advanced_gradient_angle=\u00a0\u00bb0&Prime; gradient_direction=\u00a0\u00bbleft_to_right\u00a0\u00bb overlay_strength=\u00a0\u00bb0.3&Prime; width=\u00a0\u00bb1\/1&Prime; tablet_width_inherit=\u00a0\u00bbdefault\u00a0\u00bb tablet_text_alignment=\u00a0\u00bbdefault\u00a0\u00bb phone_text_alignment=\u00a0\u00bbdefault\u00a0\u00bb animation_type=\u00a0\u00bbdefault\u00a0\u00bb enable_animation=\u00a0\u00bbtrue\u00a0\u00bb animation=\u00a0\u00bbfade-in-from-bottom\u00a0\u00bb bg_image_animation=\u00a0\u00bbnone\u00a0\u00bb border_type=\u00a0\u00bbsimple\u00a0\u00bb column_border_width=\u00a0\u00bbnone\u00a0\u00bb column_border_style=\u00a0\u00bbsolid\u00a0\u00bb gradient_type=\u00a0\u00bbdefault\u00a0\u00bb][split_line_heading animation_type=\u00a0\u00bbline-reveal-by-space\u00a0\u00bb font_style=\u00a0\u00bbh2&Prime; text_color=\u00a0\u00bb#000000&Prime; line_reveal_by_space_text_effect=\u00a0\u00bbdefault\u00a0\u00bb mobile_disable_animation=\u00a0\u00bbtrue\u00a0\u00bb content_alignment=\u00a0\u00bbcenter\u00a0\u00bb mobile_content_alignment=\u00a0\u00bbcenter\u00a0\u00bb link_target=\u00a0\u00bb_self\u00a0\u00bb font_size_tablet=\u00a0\u00bb9vw\u00a0\u00bb font_size_phone=\u00a0\u00bb10vw\u00a0\u00bb text_content=\u00a0\u00bbPolitique de confidentialit\u00e9\u00a0\u00bb][\/split_line_heading][\/vc_column][\/vc_row][vc_row type=\u00a0\u00bbin_container\u00a0\u00bb full_screen_row_position=\u00a0\u00bbmiddle\u00a0\u00bb column_margin=\u00a0\u00bbdefault\u00a0\u00bb column_direction=\u00a0\u00bbdefault\u00a0\u00bb column_direction_tablet=\u00a0\u00bbdefault\u00a0\u00bb column_direction_phone=\u00a0\u00bbdefault\u00a0\u00bb scene_position=\u00a0\u00bbcenter\u00a0\u00bb text_color=\u00a0\u00bbdark\u00a0\u00bb text_align=\u00a0\u00bbleft\u00a0\u00bb row_border_radius=\u00a0\u00bbnone\u00a0\u00bb row_border_radius_applies=\u00a0\u00bbbg\u00a0\u00bb overflow=\u00a0\u00bbvisible\u00a0\u00bb overlay_strength=\u00a0\u00bb0.3&Prime; gradient_direction=\u00a0\u00bbleft_to_right\u00a0\u00bb shape_divider_position=\u00a0\u00bbbottom\u00a0\u00bb bg_image_animation=\u00a0\u00bbnone\u00a0\u00bb][vc_column column_padding=\u00a0\u00bbno-extra-padding\u00a0\u00bb column_padding_tablet=\u00a0\u00bbinherit\u00a0\u00bb column_padding_phone=\u00a0\u00bbinherit\u00a0\u00bb column_padding_position=\u00a0\u00bball\u00a0\u00bb column_element_spacing=\u00a0\u00bbdefault\u00a0\u00bb background_color_opacity=\u00a0\u00bb1&Prime; background_hover_color_opacity=\u00a0\u00bb1&Prime; column_shadow=\u00a0\u00bbnone\u00a0\u00bb column_border_radius=\u00a0\u00bbnone\u00a0\u00bb column_link_target=\u00a0\u00bb_self\u00a0\u00bb column_position=\u00a0\u00bbdefault\u00a0\u00bb gradient_direction=\u00a0\u00bbleft_to_right\u00a0\u00bb overlay_strength=\u00a0\u00bb0.3&Prime; width=\u00a0\u00bb1\/1&Prime; tablet_width_inherit=\u00a0\u00bbdefault\u00a0\u00bb tablet_text_alignment=\u00a0\u00bbdefault\u00a0\u00bb phone_text_alignment=\u00a0\u00bbdefault\u00a0\u00bb animation_type=\u00a0\u00bbdefault\u00a0\u00bb bg_image_animation=\u00a0\u00bbnone\u00a0\u00bb border_type=\u00a0\u00bbsimple\u00a0\u00bb column_border_width=\u00a0\u00bbnone\u00a0\u00bb column_border_style=\u00a0\u00bbsolid\u00a0\u00bb][vc_column_text]Nous respectons votre droit \u00e0 la vie priv\u00e9e et avons mis en place des mesures de s\u00e9curit\u00e9 pour vos donn\u00e9es personnelles, tout en veillant \u00e0 ce qu&rsquo;elles soient g\u00e9r\u00e9es conform\u00e9ment aux r\u00e9glementations applicables en mati\u00e8re de protection de la vie priv\u00e9e.<\/p>\n<p>Veuillez noter qu&rsquo;Upliift est le responsable du traitement de vos donn\u00e9es personnelles. Les principes \u00e9nonc\u00e9s dans la pr\u00e9sente politique de confidentialit\u00e9 s&rsquo;appliquent \u00e0 tous les cas o\u00f9 Upliift re\u00e7oit vos donn\u00e9es personnelles en tant que contr\u00f4leur de donn\u00e9es aux fins d\u00e9crites dans la pr\u00e9sente politique. Ces finalit\u00e9s sont le traitement des donn\u00e9es en vue de participer aux diff\u00e9rentes activit\u00e9s disponibles sur ce site web ou mentionn\u00e9es ci-dessous.<\/p>\n<p>La pr\u00e9sente politique de confidentialit\u00e9 explique quelles sont les informations que nous recueillons sur le site web, quand nous les recueillons, comment nous les utilisons, comment elles sont s\u00e9curis\u00e9es et quels sont vos droits en ce qui concerne vos donn\u00e9es personnelles.<\/p>\n<h6><span style=\"color: #fa7b4c;\">1. Quelles sont les informations que nous recueillons ?<\/span><\/h6>\n<p>Les donn\u00e9es \u00e0 caract\u00e8re personnel que nous collectons par l&rsquo;interm\u00e9diaire de ce site web ne le sont qu&rsquo;apr\u00e8s avoir obtenu votre consentement, ou si elles sont n\u00e9cessaires pour vous fournir (et am\u00e9liorer) notre service. Lorsque des donn\u00e9es personnelles sont collect\u00e9es sur le site web, nous expliquons pourquoi elles sont n\u00e9cessaires et comment elles seront utilis\u00e9es, \u00e0 moins que cela ne soit \u00e9vident.<\/p>\n<p>1.a) Informations que vous nous fournissez Lors de l&rsquo;utilisation du site, vous pouvez fournir des donn\u00e9es personnelles que nous collectons. Le nom, le num\u00e9ro de t\u00e9l\u00e9phone, l&rsquo;adresse \u00e9lectronique et les informations de facturation sont des exemples de donn\u00e9es personnelles. Vous pouvez nous fournir des donn\u00e9es \u00e0 caract\u00e8re personnel de diff\u00e9rentes mani\u00e8res sur notre site web, par exemple lorsque vous remplissez le formulaire de contact sur ce site web.<\/p>\n<p>1.b) Informations collect\u00e9es automatiquement Lorsqu&rsquo;un utilisateur visite notre site web, nous collectons automatiquement des informations \u00e0 partir de l&rsquo;appareil de l&rsquo;utilisateur, en utilisant diverses technologies telles que les cookies. Voici quelques exemples d&rsquo;informations collect\u00e9es automatiquement : l&rsquo;adresse IP, le navigateur web, le type d&rsquo;appareil et les pages\/sites web visit\u00e9s avant d&rsquo;utiliser le site. Nous pouvons \u00e9galement utiliser la technologie pour collecter des informations concernant l&rsquo;interaction d&rsquo;un utilisateur avec les messages \u00e9lectroniques que nous envoyons, telles que les donn\u00e9es d&rsquo;ouverture et de clic.<\/p>\n<p>1.c) Informations provenant d&rsquo;autres sources Nous pouvons collecter des informations, y compris des donn\u00e9es \u00e0 caract\u00e8re personnel, aupr\u00e8s de tiers et de sources telles que nos partenaires, nos annonceurs et nos services int\u00e9gr\u00e9s. Si nous associons ou combinons des informations provenant d&rsquo;autres sources avec des donn\u00e9es \u00e0 caract\u00e8re personnel que nous recueillons sur ce site web, nous traiterons ces informations comme des donn\u00e9es \u00e0 caract\u00e8re personnel conform\u00e9ment \u00e0 la pr\u00e9sente politique.<\/p>\n<h6><span style=\"color: #fa7b4c;\">2. Protection de la vie priv\u00e9e des enfants<\/span><\/h6>\n<p>Nos services ne sont pas con\u00e7us pour les personnes \u00e2g\u00e9es de 18 ans ou moins, et ne les ciblent pas intentionnellement. Nous ne collectons ni ne conservons intentionnellement des donn\u00e9es sur des personnes de moins de 18 ans par le biais de ce site web.<\/p>\n<h6><span style=\"color: #fa7b4c;\">3. Comment nous utilisons les informations que nous recueillons<\/span><\/h6>\n<p>Nous utilisons les informations que nous recueillons de diverses mani\u00e8res dans le cadre de la fourniture de nos services, y compris les suivantes :<\/p>\n<p>3.a) Fonctionnement Nous utilisons les informations pour exploiter et am\u00e9liorer toutes les fonctionnalit\u00e9s de ce site web, pour fournir les services et les informations demand\u00e9s par les visiteurs du site web.<\/p>\n<p>3.b) Am\u00e9liorations du site web Nous utilisons des informations pour comprendre et analyser les pr\u00e9f\u00e9rences et le comportement des visiteurs de ce site web. Cela nous permet d&rsquo;am\u00e9liorer la fonctionnalit\u00e9 du service que nous fournissons et de d\u00e9velopper de nouveaux services et de nouvelles fonctionnalit\u00e9s. Toutes les donn\u00e9es utilis\u00e9es \u00e0 cette fin sont trait\u00e9es sous une forme anonyme.<\/p>\n<p>3.c) Communications Nous pouvons utiliser les informations de contact pour contacter les utilisateurs du site web \u00e0 des fins administratives et pour leur communiquer des mises \u00e0 jour concernant les produits et services que nous proposons. Vous avez la possibilit\u00e9 de refuser toute communication promotionnelle, comme indiqu\u00e9 dans la section ci-dessous, sous \u00ab\u00a0Vos droits\u00a0\u00bb.<\/p>\n<p>3.d) Cookies et technologie de suivi Nous utilisons des informations collect\u00e9es automatiquement et d&rsquo;autres informations collect\u00e9es sur ce site web par le biais de cookies et de technologies de suivi similaires. Cela nous aide \u00e0 personnaliser notre service, par exemple :<\/p>\n<ul>\n<li>M\u00e9moriser les informations saisies par l&rsquo;utilisateur sur le site web lors de visites pr\u00e9c\u00e9dentes, de sorte que l&rsquo;utilisateur n&rsquo;ait pas \u00e0 saisir \u00e0 nouveau ces informations lors de ses visites ult\u00e9rieures.<\/li>\n<li>Fournir des publicit\u00e9s, du contenu et des informations personnalis\u00e9s.<\/li>\n<li>Contr\u00f4ler et analyser l&rsquo;efficacit\u00e9 du site web et des activit\u00e9s de marketing des tiers.<\/li>\n<li>Contr\u00f4ler les mesures globales d&rsquo;utilisation du site, telles que le nombre total de visiteurs sur le site ou les pages consult\u00e9es.<\/li>\n<li>Suivez vos participations et vos soumissions sur le site web.<\/li>\n<\/ul>\n<p>3.e) Analyse<\/p>\n<p>Nous utilisons Google Analytics pour mesurer et \u00e9valuer le trafic sur le site web. Google fonctionne de mani\u00e8re ind\u00e9pendante et dispose de sa propre politique de confidentialit\u00e9, que vous pouvez consulter <a href=\"https:\/\/support.google.com\/analytics\/answer\/6004245\">ici<\/a>: Ces donn\u00e9es sont collect\u00e9es sous une forme non identifiable et nous n&rsquo;utilisons pas ces informations pour tenter d&rsquo;identifier les utilisateurs du site web.<\/p>\n<h6><span style=\"color: #fa7b4c;\">4. Dur\u00e9e de conservation des donn\u00e9es<\/span><\/h6>\n<p>Nous ne conserverons vos informations qu&rsquo;aussi longtemps que n\u00e9cessaire aux fins \u00e9nonc\u00e9es dans la pr\u00e9sente politique de confidentialit\u00e9. Nous pouvons \u00e9galement conserver des fichiers journaux \u00e0 des fins d&rsquo;analyse &#8211; ces fichiers journaux sont g\u00e9n\u00e9ralement conserv\u00e9s pendant une courte p\u00e9riode, sauf dans les cas o\u00f9 les informations sont utilis\u00e9es pour la s\u00e9curit\u00e9 du site web, l&rsquo;am\u00e9lioration de la fonctionnalit\u00e9 du site web et dans les cas o\u00f9 nous sommes l\u00e9galement oblig\u00e9s de conserver les informations pendant des p\u00e9riodes plus longues.<\/p>\n<h6><span style=\"color: #fa7b4c;\">5. Comment nous prot\u00e9geons vos donn\u00e9es<\/span><\/h6>\n<p>Nous prenons la s\u00e9curit\u00e9 tr\u00e8s au s\u00e9rieux et nous nous engageons \u00e0 assurer la s\u00e9curit\u00e9 de vos informations. Bien que nous nous efforcions d&rsquo;assurer la s\u00e9curit\u00e9 de nos syst\u00e8mes et des informations que nous d\u00e9tenons, aucun service n&rsquo;est garanti comme \u00e9tant totalement s\u00fbr. Si vous pensez que vos informations personnelles ont \u00e9t\u00e9 mises en danger, veuillez nous contacter imm\u00e9diatement.<\/p>\n<h6><span style=\"color: #fa7b4c;\">6. Lorsque vos informations sont partag\u00e9es avec d&rsquo;autres<\/span><\/h6>\n<p>Nous ne vendrons jamais vos informations personnelles. Nous pouvons les partager avec d&rsquo;autres de la mani\u00e8re suivante :<\/p>\n<p>6.a) Lorsque nous faisons appel \u00e0 d&rsquo;autres soci\u00e9t\u00e9s pour la fourniture d&rsquo;un service Nous travaillons avec des services tiers qui assurent pour nous le d\u00e9veloppement, l&rsquo;h\u00e9bergement et la maintenance de sites web, ainsi que d&rsquo;autres services. Ces tiers peuvent avoir acc\u00e8s \u00e0 des donn\u00e9es \u00e0 caract\u00e8re personnel ou les traiter dans le cadre des services qu&rsquo;ils nous fournissent. Nous limitons les informations fournies \u00e0 ce qui est raisonnablement n\u00e9cessaire \u00e0 l&rsquo;exercice de ces fonctions et leur demandons de traiter vos informations personnelles comme si nous les traitions directement.<\/p>\n<p>6.b) Informations non personnellement identifiables Nous utilisons des informations agr\u00e9g\u00e9es ou non personnellement identifiables \u00e0 diverses fins, notamment pour mesurer et analyser l&rsquo;utilisation du site, l&rsquo;administration du syst\u00e8me et l&rsquo;am\u00e9lioration de notre site. Nous pouvons \u00e9galement divulguer ces informations non personnellement identifiables \u00e0 des tiers, y compris des annonceurs, des vendeurs et des chercheurs.<\/p>\n<p>6.c) Respect de la loi Nous pouvons divulguer des informations personnelles si la loi l&rsquo;exige ou pour coop\u00e9rer avec les autorit\u00e9s charg\u00e9es de l&rsquo;application de la loi ou les agences gouvernementales. Nous nous r\u00e9servons le droit de divulguer des donn\u00e9es \u00e0 caract\u00e8re personnel afin de prendre des pr\u00e9cautions en mati\u00e8re de responsabilit\u00e9 ou de nous prot\u00e9ger ou de prot\u00e9ger d&rsquo;autres personnes contre des utilisations ou des activit\u00e9s frauduleuses ou ill\u00e9gales.<\/p>\n<h6><span style=\"color: #fa7b4c;\">7. Vos droits<\/span><\/h6>\n<p>Vous avez le droit de :<\/p>\n<ul>\n<li>Demander une copie des informations que nous d\u00e9tenons sur vous.<\/li>\n<li>nous demander de corriger, de supprimer ou de n&rsquo;utiliser vos informations qu&rsquo;\u00e0 certaines fins.<\/li>\n<li>Changer d&rsquo;avis \u00e0 tout moment et nous demander de cesser d&rsquo;utiliser vos informations &#8211; par exemple, en vous d\u00e9sabonnant des courriels de marketing ou en refusant les cookies.<\/li>\n<li>Les exceptions \u00e0 ces droits sont les suivantes : lorsque l&rsquo;acc\u00e8s aux donn\u00e9es personnelles r\u00e9v\u00e9lerait des informations personnelles concernant une autre personne, ou si nous sommes l\u00e9galement emp\u00each\u00e9s de divulguer ces informations. En outre, nous pouvons conserver des donn\u00e9es m\u00eame si vous retirez votre consentement, lorsque nous pouvons d\u00e9montrer que nous avons une obligation l\u00e9gale de traiter vos donn\u00e9es.<\/li>\n<\/ul>\n<h6><span style=\"color: #fa7b4c;\">8. Liens vers d&rsquo;autres sites web<\/span><\/h6>\n<p>Ce site web peut contenir des liens vers d&rsquo;autres sites web qui \u00e9chappent \u00e0 notre contr\u00f4le et qui, en tant que tels, ne sont pas couverts par la pr\u00e9sente politique de confidentialit\u00e9. Si vous acc\u00e9dez \u00e0 un autre site web via un lien sur ce site, les op\u00e9rateurs de ces sites peuvent collecter vos informations conform\u00e9ment \u00e0 leurs propres politiques de confidentialit\u00e9. Vous devrez lire la politique de confidentialit\u00e9 de ce site web pour savoir s&rsquo;il recueille et\/ou utilise vos informations.<\/p>\n<h6><span style=\"color: #fa7b4c;\">9. Modifications des conditions de la pr\u00e9sente politique de protection de la vie priv\u00e9e<\/span><\/h6>\n<p>Veuillez consulter r\u00e9guli\u00e8rement cette page pour vous tenir au courant de toute modification apport\u00e9e \u00e0 la pr\u00e9sente politique de confidentialit\u00e9, que nous pouvons mettre \u00e0 jour de temps \u00e0 autre. Si nous modifions la politique, nous indiquerons le num\u00e9ro de version et la date de la derni\u00e8re r\u00e9vision en haut de cette page. Si nous estimons que les changements sont importants, nous vous en informerons soit : (1) en publiant les changements sur ce site (2) en vous envoyant un courrier \u00e9lectronique pour vous informer des changements. En continuant \u00e0 utiliser nos services apr\u00e8s l&rsquo;entr\u00e9e en vigueur de la politique de confidentialit\u00e9, vous indiquez que vous avez lu, compris et accept\u00e9 la version actuelle de la politique.<\/p>\n<h6><span style=\"color: #fa7b4c;\">10. Comment nous contacter<\/span><\/h6>\n<p>Si vous avez des questions concernant cette politique de confidentialit\u00e9 ou vos droits, ou si vous pensez que vos donn\u00e9es personnelles ont \u00e9t\u00e9 mal utilis\u00e9es ou mal trait\u00e9es, vous pouvez nous contacter aux coordonn\u00e9es suivantes :<\/p>\n<ul>\n<li>Courriel : <a href=\"mailto:contactus@upliift.com\">contactus@upliift.com<\/a><\/li>\n<li>T\u00e9l\u00e9phone : +44 207 082 5170 <a href=\"tel:+44%20207%20082%205170\">+44 207 082 5170<\/a><\/li>\n<li>Adresse: 140 Goswell Rd, Londres, Royaume-Uni, EC1V 7DY<\/li>\n<\/ul>\n<p>Vous pouvez \u00e9galement contacter directement le commissaire \u00e0 l&rsquo;information, qui est un r\u00e9gulateur ind\u00e9pendant, du lundi au vendredi, de 9 h \u00e0 16 h 30 :<\/p>\n<ul>\n<li>Courriel : <a href=\"mailto:casework@ico.org.uk\">casework@ico.org.uk<\/a><\/li>\n<li>T\u00e9l\u00e9phone : 0303 123 1113 <a href=\"tel:0303%20123%201113\">0303 123 1113<\/a><\/li>\n<li>Textophone : <a href=\"tel:0303%20123%201113\">01625 545 860<\/a><\/li>\n<li>Adresse : Information Commissioner&rsquo;s Office, Wycliffe House, Water Lane, Wilmslow, Cheshire SK9 5AF<\/li>\n<\/ul>\n[\/vc_column_text][\/vc_column][\/vc_row]\n","protected":false},"excerpt":{"rendered":"<p>[vc_row type=\u00a0\u00bbin_container\u00a0\u00bb full_screen_row_position=\u00a0\u00bbmiddle\u00a0\u00bb column_margin=\u00a0\u00bbdefault\u00a0\u00bb equal_height=\u00a0\u00bbyes\u00a0\u00bb content_placement=\u00a0\u00bbmiddle\u00a0\u00bb column_direction=\u00a0\u00bbdefault\u00a0\u00bb column_direction_tablet=\u00a0\u00bbdefault\u00a0\u00bb column_direction_phone=\u00a0\u00bbdefault\u00a0\u00bb scene_position=\u00a0\u00bbcenter\u00a0\u00bb constrain_group_2=\u00a0\u00bbyes\u00a0\u00bb top_padding_tablet=\u00a0\u00bb20%\u00a0\u00bb top_padding_phone=\u00a0\u00bb25%\u00a0\u00bb text_color=\u00a0\u00bbdark\u00a0\u00bb text_align=\u00a0\u00bbleft\u00a0\u00bb row_border_radius=\u00a0\u00bbnone\u00a0\u00bb row_border_radius_applies=\u00a0\u00bbbg\u00a0\u00bb zindex=\u00a0\u00bb100&Prime; overflow=\u00a0\u00bbvisible\u00a0\u00bb advanced_gradient_angle=\u00a0\u00bb0&Prime; overlay_strength=\u00a0\u00bb0.3&Prime; gradient_direction=\u00a0\u00bbleft_to_right\u00a0\u00bb shape_divider_position=\u00a0\u00bbbottom\u00a0\u00bb bg_image_animation=\u00a0\u00bbfade-in\u00a0\u00bb gradient_type=\u00a0\u00bbdefault\u00a0\u00bb shape_type=\u00a0\u00bb\u00a0\u00bb][vc_column column_padding=\u00a0\u00bbno-extra-padding\u00a0\u00bb column_padding_tablet=\u00a0\u00bbinherit\u00a0\u00bb column_padding_phone=\u00a0\u00bbinherit\u00a0\u00bb column_padding_position=\u00a0\u00bball\u00a0\u00bb&#8230;<\/p>\n","protected":false},"author":1,"featured_media":0,"parent":0,"menu_order":0,"comment_status":"closed","ping_status":"open","template":"","meta":{"om_disable_all_campaigns":false,"_monsterinsights_skip_tracking":false,"_monsterinsights_sitenote_active":false,"_monsterinsights_sitenote_note":"","_monsterinsights_sitenote_category":0,"footnotes":""},"class_list":["post-9551","page","type-page","status-publish"],"aioseo_notices":[],"_links":{"self":[{"href":"https:\/\/upliift.com\/fr\/wp-json\/wp\/v2\/pages\/9551","targetHints":{"allow":["GET"]}}],"collection":[{"href":"https:\/\/upliift.com\/fr\/wp-json\/wp\/v2\/pages"}],"about":[{"href":"https:\/\/upliift.com\/fr\/wp-json\/wp\/v2\/types\/page"}],"author":[{"embeddable":true,"href":"https:\/\/upliift.com\/fr\/wp-json\/wp\/v2\/users\/1"}],"replies":[{"embeddable":true,"href":"https:\/\/upliift.com\/fr\/wp-json\/wp\/v2\/comments?post=9551"}],"version-history":[{"count":7,"href":"https:\/\/upliift.com\/fr\/wp-json\/wp\/v2\/pages\/9551\/revisions"}],"predecessor-version":[{"id":15466,"href":"https:\/\/upliift.com\/fr\/wp-json\/wp\/v2\/pages\/9551\/revisions\/15466"}],"wp:attachment":[{"href":"https:\/\/upliift.com\/fr\/wp-json\/wp\/v2\/media?parent=9551"}],"curies":[{"name":"wp","href":"https:\/\/api.w.org\/{rel}","templated":true}]}}