{"id":9539,"date":"2023-06-20T15:33:58","date_gmt":"2023-06-20T14:33:58","guid":{"rendered":"https:\/\/upliift.com\/conditions-generales-dutilisation\/"},"modified":"2023-09-21T09:51:42","modified_gmt":"2023-09-21T08:51:42","slug":"conditions-generales-dutilisation","status":"publish","type":"page","link":"https:\/\/upliift.com\/fr\/conditions-generales-dutilisation\/","title":{"rendered":"Conditions g\u00e9n\u00e9rales d&rsquo;utilisation"},"content":{"rendered":"[vc_row type=\u00a0\u00bbin_container\u00a0\u00bb full_screen_row_position=\u00a0\u00bbmiddle\u00a0\u00bb column_margin=\u00a0\u00bbdefault\u00a0\u00bb equal_height=\u00a0\u00bbyes\u00a0\u00bb content_placement=\u00a0\u00bbmiddle\u00a0\u00bb column_direction=\u00a0\u00bbdefault\u00a0\u00bb column_direction_tablet=\u00a0\u00bbdefault\u00a0\u00bb column_direction_phone=\u00a0\u00bbdefault\u00a0\u00bb scene_position=\u00a0\u00bbcenter\u00a0\u00bb constrain_group_2=\u00a0\u00bbyes\u00a0\u00bb top_padding_tablet=\u00a0\u00bb20%\u00a0\u00bb top_padding_phone=\u00a0\u00bb25%\u00a0\u00bb left_padding_phone=\u00a0\u00bb3%\u00a0\u00bb constrain_group_6=\u00a0\u00bbyes\u00a0\u00bb right_padding_phone=\u00a0\u00bb3%\u00a0\u00bb text_color=\u00a0\u00bbdark\u00a0\u00bb text_align=\u00a0\u00bbleft\u00a0\u00bb row_border_radius=\u00a0\u00bbnone\u00a0\u00bb row_border_radius_applies=\u00a0\u00bbbg\u00a0\u00bb zindex=\u00a0\u00bb100&Prime; overflow=\u00a0\u00bbvisible\u00a0\u00bb advanced_gradient_angle=\u00a0\u00bb0&Prime; overlay_strength=\u00a0\u00bb0.3&Prime; gradient_direction=\u00a0\u00bbleft_to_right\u00a0\u00bb shape_divider_position=\u00a0\u00bbbottom\u00a0\u00bb bg_image_animation=\u00a0\u00bbfade-in\u00a0\u00bb gradient_type=\u00a0\u00bbdefault\u00a0\u00bb shape_type=\u00a0\u00bb\u00a0\u00bb][vc_column column_padding=\u00a0\u00bbno-extra-padding\u00a0\u00bb column_padding_tablet=\u00a0\u00bbinherit\u00a0\u00bb column_padding_phone=\u00a0\u00bbinherit\u00a0\u00bb column_padding_position=\u00a0\u00bball\u00a0\u00bb column_element_spacing=\u00a0\u00bbdefault\u00a0\u00bb background_color_opacity=\u00a0\u00bb1&Prime; background_hover_color_opacity=\u00a0\u00bb1&Prime; column_shadow=\u00a0\u00bbnone\u00a0\u00bb column_border_radius=\u00a0\u00bbnone\u00a0\u00bb column_link_target=\u00a0\u00bb_self\u00a0\u00bb column_position=\u00a0\u00bbdefault\u00a0\u00bb advanced_gradient_angle=\u00a0\u00bb0&Prime; gradient_direction=\u00a0\u00bbleft_to_right\u00a0\u00bb overlay_strength=\u00a0\u00bb0.3&Prime; width=\u00a0\u00bb1\/1&Prime; tablet_width_inherit=\u00a0\u00bbdefault\u00a0\u00bb tablet_text_alignment=\u00a0\u00bbdefault\u00a0\u00bb phone_text_alignment=\u00a0\u00bbdefault\u00a0\u00bb animation_type=\u00a0\u00bbdefault\u00a0\u00bb enable_animation=\u00a0\u00bbtrue\u00a0\u00bb animation=\u00a0\u00bbfade-in-from-bottom\u00a0\u00bb bg_image_animation=\u00a0\u00bbnone\u00a0\u00bb border_type=\u00a0\u00bbsimple\u00a0\u00bb column_border_width=\u00a0\u00bbnone\u00a0\u00bb column_border_style=\u00a0\u00bbsolid\u00a0\u00bb gradient_type=\u00a0\u00bbdefault\u00a0\u00bb][split_line_heading animation_type=\u00a0\u00bbline-reveal-by-space\u00a0\u00bb font_style=\u00a0\u00bbh2&Prime; text_color=\u00a0\u00bb#000000&Prime; line_reveal_by_space_text_effect=\u00a0\u00bbdefault\u00a0\u00bb mobile_disable_animation=\u00a0\u00bbtrue\u00a0\u00bb content_alignment=\u00a0\u00bbcenter\u00a0\u00bb mobile_content_alignment=\u00a0\u00bbcenter\u00a0\u00bb link_target=\u00a0\u00bb_self\u00a0\u00bb font_size_tablet=\u00a0\u00bb9vw\u00a0\u00bb font_size_phone=\u00a0\u00bb8vw\u00a0\u00bb text_content=\u00a0\u00bbConditions g\u00e9n\u00e9rales d&apos;utilisation\u00a0\u00bb][\/split_line_heading][\/vc_column][\/vc_row][vc_row type=\u00a0\u00bbin_container\u00a0\u00bb full_screen_row_position=\u00a0\u00bbmiddle\u00a0\u00bb column_margin=\u00a0\u00bbdefault\u00a0\u00bb column_direction=\u00a0\u00bbdefault\u00a0\u00bb column_direction_tablet=\u00a0\u00bbdefault\u00a0\u00bb column_direction_phone=\u00a0\u00bbdefault\u00a0\u00bb scene_position=\u00a0\u00bbcenter\u00a0\u00bb text_color=\u00a0\u00bbdark\u00a0\u00bb text_align=\u00a0\u00bbleft\u00a0\u00bb row_border_radius=\u00a0\u00bbnone\u00a0\u00bb row_border_radius_applies=\u00a0\u00bbbg\u00a0\u00bb overflow=\u00a0\u00bbvisible\u00a0\u00bb overlay_strength=\u00a0\u00bb0.3&Prime; gradient_direction=\u00a0\u00bbleft_to_right\u00a0\u00bb shape_divider_position=\u00a0\u00bbbottom\u00a0\u00bb bg_image_animation=\u00a0\u00bbnone\u00a0\u00bb][vc_column column_padding=\u00a0\u00bbno-extra-padding\u00a0\u00bb column_padding_tablet=\u00a0\u00bbinherit\u00a0\u00bb column_padding_phone=\u00a0\u00bbinherit\u00a0\u00bb column_padding_position=\u00a0\u00bball\u00a0\u00bb column_element_spacing=\u00a0\u00bbdefault\u00a0\u00bb background_color_opacity=\u00a0\u00bb1&Prime; background_hover_color_opacity=\u00a0\u00bb1&Prime; column_shadow=\u00a0\u00bbnone\u00a0\u00bb column_border_radius=\u00a0\u00bbnone\u00a0\u00bb column_link_target=\u00a0\u00bb_self\u00a0\u00bb column_position=\u00a0\u00bbdefault\u00a0\u00bb gradient_direction=\u00a0\u00bbleft_to_right\u00a0\u00bb overlay_strength=\u00a0\u00bb0.3&Prime; width=\u00a0\u00bb1\/1&Prime; tablet_width_inherit=\u00a0\u00bbdefault\u00a0\u00bb tablet_text_alignment=\u00a0\u00bbdefault\u00a0\u00bb phone_text_alignment=\u00a0\u00bbdefault\u00a0\u00bb animation_type=\u00a0\u00bbdefault\u00a0\u00bb bg_image_animation=\u00a0\u00bbnone\u00a0\u00bb border_type=\u00a0\u00bbsimple\u00a0\u00bb column_border_width=\u00a0\u00bbnone\u00a0\u00bb column_border_style=\u00a0\u00bbsolid\u00a0\u00bb][vc_column_text]\n<h6><span style=\"color: #fa7b4c;\">Derni\u00e8re mise \u00e0 jour : 26 juillet 2023<\/span><\/h6>\n<p>Veuillez lire attentivement les pr\u00e9sentes conditions d&rsquo;utilisation (\u00a0\u00bb Conditions \u00ab\u00a0, \u00a0\u00bb Conditions d&rsquo;utilisation \u00ab\u00a0) avant d&rsquo;utiliser le site https:\/\/upliift.com\/ exploit\u00e9 par Upliift (\u00a0\u00bb nous \u00ab\u00a0, \u00a0\u00bb nous \u00a0\u00bb ou \u00a0\u00bb notre \u00ab\u00a0).<\/p>\n<p>L&rsquo;acc\u00e8s au service et son utilisation sont subordonn\u00e9s \u00e0 l&rsquo;acceptation et au respect des pr\u00e9sentes conditions. Les pr\u00e9sentes conditions s&rsquo;appliquent \u00e0 tous les visiteurs, utilisateurs et autres personnes qui acc\u00e8dent au service ou l&rsquo;utilisent.<\/p>\n<p>En acc\u00e9dant au service ou en l&rsquo;utilisant, vous acceptez d&rsquo;\u00eatre li\u00e9 par les pr\u00e9sentes conditions. Si vous n&rsquo;\u00eates pas d&rsquo;accord avec une partie des conditions, vous ne pouvez pas acc\u00e9der au service.<\/p>\n<h6><span style=\"color: #fa7b4c;\">Droits d&rsquo;auteur et propri\u00e9t\u00e9 intellectuelle<\/span><\/h6>\n<p>Sauf indication contraire, le contenu de ce site, y compris, mais sans s&rsquo;y limiter, le texte et les images qu&rsquo;il contient et leur disposition, est la propri\u00e9t\u00e9 d&rsquo;Upliift ou de ses clients. Toutes les marques commerciales utilis\u00e9es ou mentionn\u00e9es sur ce site Internet sont la propri\u00e9t\u00e9 de leurs d\u00e9tenteurs respectifs.<\/p>\n<p>Rien dans ce site ne doit \u00eatre interpr\u00e9t\u00e9 comme conf\u00e9rant implicitement, par pr\u00e9clusion ou autrement, une licence ou un droit sur un droit d&rsquo;auteur, un brevet, une marque ou un autre int\u00e9r\u00eat de propri\u00e9t\u00e9 d&rsquo;Upliift ou d&rsquo;une tierce partie. Ce site et son contenu, y compris, mais sans s&rsquo;y limiter, les images graphiques, l&rsquo;audio, la vid\u00e9o, le code html, les boutons et le texte, ne peuvent \u00eatre copi\u00e9s, reproduits, republi\u00e9s, t\u00e9l\u00e9charg\u00e9s, affich\u00e9s, transmis ou distribu\u00e9s de quelque mani\u00e8re que ce soit, sans le consentement \u00e9crit pr\u00e9alable d&rsquo;Upliift, \u00e0 l&rsquo;exception du t\u00e9l\u00e9chargement, de l&rsquo;affichage et de l&rsquo;impression d&rsquo;une copie du mat\u00e9riel sur un seul ordinateur, uniquement pour votre usage personnel et non commercial, \u00e0 condition que vous ne modifiiez pas le mat\u00e9riel de quelque mani\u00e8re que ce soit et que vous conserviez intacts tous les droits d&rsquo;auteur, les marques et autres avis de propri\u00e9t\u00e9.<\/p>\n<h6><span style=\"color: #fa7b4c;\">Liens vers d&rsquo;autres sites web<\/span><\/h6>\n<p>Notre Service peut contenir des liens vers des sites web ou des services de tiers qui ne sont pas d\u00e9tenus ou contr\u00f4l\u00e9s par Upliift.<\/p>\n<p>Upliift n&rsquo;a aucun contr\u00f4le sur, et n&rsquo;assume aucune responsabilit\u00e9 pour, le contenu, les politiques de confidentialit\u00e9, ou les pratiques des sites web ou services de tiers. En outre, vous reconnaissez et acceptez qu&rsquo;Upliift ne soit pas responsable, directement ou indirectement, de tout dommage ou perte caus\u00e9 ou suppos\u00e9 \u00eatre caus\u00e9 par ou en relation avec l&rsquo;utilisation ou la confiance dans un tel contenu, des biens ou des services disponibles sur ou par le biais de ces sites Web ou services.<\/p>\n<p>Nous vous conseillons vivement de lire les conditions g\u00e9n\u00e9rales et les politiques de confidentialit\u00e9 de tous les sites web ou services de tiers que vous visitez.<\/p>\n<h6><span style=\"color: #fa7b4c;\">Droit applicable<\/span><\/h6>\n<p>Les pr\u00e9sentes conditions sont r\u00e9gies et interpr\u00e9t\u00e9es conform\u00e9ment aux lois du Royaume-Uni, sans tenir compte des dispositions relatives aux conflits de lois.<\/p>\n<p>Le fait que nous n&rsquo;appliquions pas un droit ou une disposition des pr\u00e9sentes conditions ne sera pas consid\u00e9r\u00e9 comme une renonciation \u00e0 ces droits. Si une disposition des pr\u00e9sentes conditions est jug\u00e9e invalide ou inapplicable par un tribunal, les autres dispositions des pr\u00e9sentes conditions resteront en vigueur. Les pr\u00e9sentes conditions constituent l&rsquo;int\u00e9gralit\u00e9 de l&rsquo;accord entre nous concernant notre service, et annulent et remplacent tout accord ant\u00e9rieur que nous pourrions avoir entre nous concernant le service.<\/p>\n<h6><span style=\"color: #fa7b4c;\">Changements<\/span><\/h6>\n<p>Nous nous r\u00e9servons le droit, \u00e0 notre seule discr\u00e9tion, de modifier ou de remplacer les pr\u00e9sentes conditions \u00e0 tout moment. Si une r\u00e9vision est importante, nous nous efforcerons de donner un pr\u00e9avis d&rsquo;au moins 15 jours avant l&rsquo;entr\u00e9e en vigueur des nouvelles conditions. Ce qui constitue un changement important sera d\u00e9termin\u00e9 \u00e0 notre seule discr\u00e9tion.<\/p>\n<p>En continuant \u00e0 acc\u00e9der \u00e0 notre service ou \u00e0 l&rsquo;utiliser apr\u00e8s l&rsquo;entr\u00e9e en vigueur de ces r\u00e9visions, vous acceptez d&rsquo;\u00eatre li\u00e9 par les conditions r\u00e9vis\u00e9es. Si vous n&rsquo;acceptez pas les nouvelles conditions, veuillez cesser d&rsquo;utiliser le service.<\/p>\n<h6><span style=\"color: #fa7b4c;\">Nous contacter<\/span><\/h6>\n<p>Si vous avez des questions concernant ces conditions, veuillez <a href=\"https:\/\/upliift.com\/fr\/?page_id=9517\">nous contacter<\/a>.[\/vc_column_text][\/vc_column][\/vc_row]\n","protected":false},"excerpt":{"rendered":"<p>[vc_row type=\u00a0\u00bbin_container\u00a0\u00bb full_screen_row_position=\u00a0\u00bbmiddle\u00a0\u00bb column_margin=\u00a0\u00bbdefault\u00a0\u00bb equal_height=\u00a0\u00bbyes\u00a0\u00bb content_placement=\u00a0\u00bbmiddle\u00a0\u00bb column_direction=\u00a0\u00bbdefault\u00a0\u00bb column_direction_tablet=\u00a0\u00bbdefault\u00a0\u00bb column_direction_phone=\u00a0\u00bbdefault\u00a0\u00bb scene_position=\u00a0\u00bbcenter\u00a0\u00bb constrain_group_2=\u00a0\u00bbyes\u00a0\u00bb top_padding_tablet=\u00a0\u00bb20%\u00a0\u00bb top_padding_phone=\u00a0\u00bb25%\u00a0\u00bb left_padding_phone=\u00a0\u00bb3%\u00a0\u00bb constrain_group_6=\u00a0\u00bbyes\u00a0\u00bb right_padding_phone=\u00a0\u00bb3%\u00a0\u00bb text_color=\u00a0\u00bbdark\u00a0\u00bb text_align=\u00a0\u00bbleft\u00a0\u00bb row_border_radius=\u00a0\u00bbnone\u00a0\u00bb row_border_radius_applies=\u00a0\u00bbbg\u00a0\u00bb zindex=\u00a0\u00bb100&Prime; overflow=\u00a0\u00bbvisible\u00a0\u00bb advanced_gradient_angle=\u00a0\u00bb0&Prime; overlay_strength=\u00a0\u00bb0.3&Prime; gradient_direction=\u00a0\u00bbleft_to_right\u00a0\u00bb shape_divider_position=\u00a0\u00bbbottom\u00a0\u00bb bg_image_animation=\u00a0\u00bbfade-in\u00a0\u00bb gradient_type=\u00a0\u00bbdefault\u00a0\u00bb shape_type=\u00a0\u00bb\u00a0\u00bb][vc_column column_padding=\u00a0\u00bbno-extra-padding\u00a0\u00bb&#8230;<\/p>\n","protected":false},"author":1,"featured_media":0,"parent":0,"menu_order":0,"comment_status":"closed","ping_status":"closed","template":"","meta":{"om_disable_all_campaigns":false,"_monsterinsights_skip_tracking":false,"_monsterinsights_sitenote_active":false,"_monsterinsights_sitenote_note":"","_monsterinsights_sitenote_category":0,"footnotes":""},"class_list":["post-9539","page","type-page","status-publish"],"aioseo_notices":[],"_links":{"self":[{"href":"https:\/\/upliift.com\/fr\/wp-json\/wp\/v2\/pages\/9539","targetHints":{"allow":["GET"]}}],"collection":[{"href":"https:\/\/upliift.com\/fr\/wp-json\/wp\/v2\/pages"}],"about":[{"href":"https:\/\/upliift.com\/fr\/wp-json\/wp\/v2\/types\/page"}],"author":[{"embeddable":true,"href":"https:\/\/upliift.com\/fr\/wp-json\/wp\/v2\/users\/1"}],"replies":[{"embeddable":true,"href":"https:\/\/upliift.com\/fr\/wp-json\/wp\/v2\/comments?post=9539"}],"version-history":[{"count":2,"href":"https:\/\/upliift.com\/fr\/wp-json\/wp\/v2\/pages\/9539\/revisions"}],"predecessor-version":[{"id":9541,"href":"https:\/\/upliift.com\/fr\/wp-json\/wp\/v2\/pages\/9539\/revisions\/9541"}],"wp:attachment":[{"href":"https:\/\/upliift.com\/fr\/wp-json\/wp\/v2\/media?parent=9539"}],"curies":[{"name":"wp","href":"https:\/\/api.w.org\/{rel}","templated":true}]}}