{"id":9560,"date":"2023-02-21T12:09:15","date_gmt":"2023-02-21T12:09:15","guid":{"rendered":"https:\/\/upliift.com\/politica-de-privacidad\/"},"modified":"2025-06-06T09:25:42","modified_gmt":"2025-06-06T08:25:42","slug":"politica-de-privacidad","status":"publish","type":"page","link":"https:\/\/upliift.com\/es\/politica-de-privacidad\/","title":{"rendered":"Pol\u00edtica de privacidad"},"content":{"rendered":"[vc_row type=\u00bbin_container\u00bb full_screen_row_position=\u00bbmiddle\u00bb column_margin=\u00bbdefault\u00bb equal_height=\u00bbyes\u00bb content_placement=\u00bbmiddle\u00bb column_direction=\u00bbdefault\u00bb column_direction_tablet=\u00bbdefault\u00bb column_direction_phone=\u00bbdefault\u00bb scene_position=\u00bbcenter\u00bb constrain_group_2=\u00bbyes\u00bb top_padding_tablet=\u00bb20%\u00bb top_padding_phone=\u00bb25%\u00bb text_color=\u00bbdark\u00bb text_align=\u00bbleft\u00bb row_border_radius=\u00bbnone\u00bb row_border_radius_applies=\u00bbbg\u00bb zindex=\u00bb100&#8243; overflow=\u00bbvisible\u00bb advanced_gradient_angle=\u00bb0&#8243; overlay_strength=\u00bb0.3&#8243; gradient_direction=\u00bbleft_to_right\u00bb shape_divider_position=\u00bbbottom\u00bb bg_image_animation=\u00bbfade-in\u00bb gradient_type=\u00bbdefault\u00bb shape_type=\u00bb\u00bb][vc_column column_padding=\u00bbno-extra-padding\u00bb column_padding_tablet=\u00bbinherit\u00bb column_padding_phone=\u00bbinherit\u00bb column_padding_position=\u00bball\u00bb column_element_spacing=\u00bbdefault\u00bb background_color_opacity=\u00bb1&#8243; background_hover_color_opacity=\u00bb1&#8243; column_shadow=\u00bbnone\u00bb column_border_radius=\u00bbnone\u00bb column_link_target=\u00bb_self\u00bb column_position=\u00bbdefault\u00bb advanced_gradient_angle=\u00bb0&#8243; gradient_direction=\u00bbleft_to_right\u00bb overlay_strength=\u00bb0.3&#8243; width=\u00bb1\/1&#8243; tablet_width_inherit=\u00bbdefault\u00bb tablet_text_alignment=\u00bbdefault\u00bb phone_text_alignment=\u00bbdefault\u00bb animation_type=\u00bbdefault\u00bb enable_animation=\u00bbtrue\u00bb animation=\u00bbfade-in-from-bottom\u00bb bg_image_animation=\u00bbnone\u00bb border_type=\u00bbsimple\u00bb column_border_width=\u00bbnone\u00bb column_border_style=\u00bbsolid\u00bb gradient_type=\u00bbdefault\u00bb][split_line_heading animation_type=\u00bbline-reveal-by-space\u00bb font_style=\u00bbh2&#8243; text_color=\u00bb#000000&#8243; line_reveal_by_space_text_effect=\u00bbdefault\u00bb mobile_disable_animation=\u00bbtrue\u00bb content_alignment=\u00bbcenter\u00bb mobile_content_alignment=\u00bbcenter\u00bb link_target=\u00bb_self\u00bb font_size_tablet=\u00bb9vw\u00bb font_size_phone=\u00bb10vw\u00bb text_content=\u00bbPol\u00edtica de privacidad\u00bb][\/split_line_heading][\/vc_column][\/vc_row][vc_row type=\u00bbin_container\u00bb full_screen_row_position=\u00bbmiddle\u00bb column_margin=\u00bbdefault\u00bb column_direction=\u00bbdefault\u00bb column_direction_tablet=\u00bbdefault\u00bb column_direction_phone=\u00bbdefault\u00bb scene_position=\u00bbcenter\u00bb text_color=\u00bbdark\u00bb text_align=\u00bbleft\u00bb row_border_radius=\u00bbnone\u00bb row_border_radius_applies=\u00bbbg\u00bb overflow=\u00bbvisible\u00bb overlay_strength=\u00bb0.3&#8243; gradient_direction=\u00bbleft_to_right\u00bb shape_divider_position=\u00bbbottom\u00bb bg_image_animation=\u00bbnone\u00bb][vc_column column_padding=\u00bbno-extra-padding\u00bb column_padding_tablet=\u00bbinherit\u00bb column_padding_phone=\u00bbinherit\u00bb column_padding_position=\u00bball\u00bb column_element_spacing=\u00bbdefault\u00bb background_color_opacity=\u00bb1&#8243; background_hover_color_opacity=\u00bb1&#8243; column_shadow=\u00bbnone\u00bb column_border_radius=\u00bbnone\u00bb column_link_target=\u00bb_self\u00bb column_position=\u00bbdefault\u00bb gradient_direction=\u00bbleft_to_right\u00bb overlay_strength=\u00bb0.3&#8243; width=\u00bb1\/1&#8243; tablet_width_inherit=\u00bbdefault\u00bb tablet_text_alignment=\u00bbdefault\u00bb phone_text_alignment=\u00bbdefault\u00bb animation_type=\u00bbdefault\u00bb bg_image_animation=\u00bbnone\u00bb border_type=\u00bbsimple\u00bb column_border_width=\u00bbnone\u00bb column_border_style=\u00bbsolid\u00bb][vc_column_text]Respetamos su derecho a la privacidad y hemos establecido medidas de seguridad para sus datos personales, adem\u00e1s de garantizar que sus datos personales se gestionan de acuerdo con la normativa aplicable sobre privacidad de datos.<\/p>\n<p>Tenga en cuenta que Upliift es el responsable del tratamiento de sus datos personales. Los principios establecidos en la presente pol\u00edtica de privacidad se aplican a todos los casos en los que Upliift recibe sus datos personales como Responsable del Tratamiento para los fines descritos en esta pol\u00edtica. Dichos fines son el tratamiento de datos para participar en las diversas actividades disponibles en este sitio web o como se menciona a continuaci\u00f3n.<\/p>\n<p>Esta pol\u00edtica de privacidad explica qu\u00e9 informaci\u00f3n recogemos a trav\u00e9s del sitio web, cu\u00e1ndo la recogemos, c\u00f3mo la utilizamos, c\u00f3mo se protege y sus derechos en relaci\u00f3n con sus datos personales.<\/p>\n<h6><span style=\"color: #fa7b4c;\">1. Qu\u00e9 informaci\u00f3n recopilamos<\/span><\/h6>\n<p>Los datos personales que recopilamos a trav\u00e9s de este sitio web s\u00f3lo se recogen cuando tenemos su consentimiento para hacerlo, o si son necesarios para prestarle (y mejorar) nuestro servicio. Cuando se recojan datos personales en el sitio web, daremos detalles sobre por qu\u00e9 se necesita su informaci\u00f3n personal y c\u00f3mo se utilizar\u00e1, a menos que sea obvio.<\/p>\n<p>1.a) Informaci\u00f3n que usted nos proporciona Al utilizar el sitio, usted puede proporcionarnos datos personales que nosotros recogemos. Algunos ejemplos de datos personales son el nombre, el n\u00famero de tel\u00e9fono, la direcci\u00f3n de correo electr\u00f3nico y los datos de facturaci\u00f3n. Puede proporcionarnos Datos Personales de varias formas en nuestro sitio web, por ejemplo, cuando rellena el formulario de contacto de este sitio web.<\/p>\n<p>1.b) Informaci\u00f3n recopilada autom\u00e1ticamente Cuando un usuario visita nuestro sitio web, recopilamos autom\u00e1ticamente informaci\u00f3n del dispositivo del usuario, utilizando diversas tecnolog\u00edas como las cookies. Algunos ejemplos de informaci\u00f3n recogida autom\u00e1ticamente son: Direcci\u00f3n IP, navegador web, tipo de dispositivo y las p\u00e1ginas web\/sitios web visitados antes de utilizar el sitio. Tambi\u00e9n podemos utilizar tecnolog\u00eda para recopilar informaci\u00f3n relativa a la interacci\u00f3n de un usuario con los mensajes de correo electr\u00f3nico que enviamos, como datos de apertura y clics.<\/p>\n<p>1.c) Informaci\u00f3n de otras fuentes Podemos recopilar informaci\u00f3n, incluidos datos personales, de terceras partes y fuentes, como nuestros socios, anunciantes y servicios integrados. Si asociamos o combinamos informaci\u00f3n de otras fuentes con Datos Personales que recopilamos a trav\u00e9s de este sitio web, trataremos esta informaci\u00f3n como Datos Personales de acuerdo con esta pol\u00edtica.<\/p>\n<h6><span style=\"color: #fa7b4c;\">2. Protecci\u00f3n de la intimidad de los ni\u00f1os<\/span><\/h6>\n<p>Nuestros servicios no est\u00e1n dise\u00f1ados ni dirigidos intencionadamente a personas de 18 a\u00f1os o menos. No recopilamos ni conservamos intencionadamente datos de menores de 18 a\u00f1os a trav\u00e9s de este sitio web.<\/p>\n<h6><span style=\"color: #fa7b4c;\">3. C\u00f3mo utilizamos la informaci\u00f3n que recopilamos<\/span><\/h6>\n<p>Utilizamos la informaci\u00f3n que recopilamos de diversas formas para prestar nuestro servicio, entre las que se incluyen las siguientes:<\/p>\n<p>3.a) Operaciones Utilizamos la informaci\u00f3n para operar y mejorar todas las caracter\u00edsticas de este sitio web, para proporcionar servicios e informaci\u00f3n solicitada por los visitantes del sitio web.<\/p>\n<p>3.b) Mejoras del sitio web Utilizamos informaci\u00f3n para comprender y analizar las preferencias y el comportamiento de los usuarios de este sitio web. Esto nos permite mejorar la funcionalidad del servicio que prestamos y desarrollar nuevos servicios y funciones. Todos los datos utilizados con este fin se procesan de forma an\u00f3nima.<\/p>\n<p>3.c) Comunicaciones Podemos utilizar la informaci\u00f3n de contacto para ponernos en contacto con los usuarios del sitio web con fines administrativos, y con actualizaciones relativas a los productos y servicios que ofrecemos. Usted tiene la posibilidad de optar por no recibir ninguna comunicaci\u00f3n promocional, tal y como se indica en la secci\u00f3n \u00abSus derechos\u00bb.<\/p>\n<p>3.d) Cookies y tecnolog\u00eda de seguimiento Utilizamos informaci\u00f3n recopilada autom\u00e1ticamente y otra informaci\u00f3n recogida en este sitio web a trav\u00e9s de cookies y tecnolog\u00eda de seguimiento similar. Esto nos ayuda a personalizar nuestro servicio, por ejemplo:<\/p>\n<ul>\n<li>Recordar la informaci\u00f3n introducida por el usuario en el sitio web en visitas anteriores, para que no tenga que volver a introducirla en visitas posteriores.<\/li>\n<li>Proporcionar anuncios, contenidos e informaci\u00f3n personalizados.<\/li>\n<li>Supervisar y analizar la eficacia del sitio web y de las actividades de marketing de terceros.<\/li>\n<li>Controlar las m\u00e9tricas agregadas de uso del sitio, como el n\u00famero total de visitantes al sitio web o las p\u00e1ginas vistas.<\/li>\n<li>Haga un seguimiento de sus entradas y env\u00edos en el sitio web.<\/li>\n<\/ul>\n<p>3.e) An\u00e1lisis<\/p>\n<p>Utilizamos Google Analytics para medir y evaluar el tr\u00e1fico en el sitio web. Google opera de forma independiente y tiene su propia pol\u00edtica de privacidad, que puede consultar <a href=\"https:\/\/support.google.com\/analytics\/answer\/6004245\">aqu\u00ed<\/a>: Estos datos se recogen de forma no identificable y no los utilizamos para intentar identificar a los usuarios del sitio web.<\/p>\n<h6><span style=\"color: #fa7b4c;\">4. Cu\u00e1nto tiempo conservamos sus datos<\/span><\/h6>\n<p>S\u00f3lo conservaremos su informaci\u00f3n durante el tiempo necesario para los fines establecidos en esta pol\u00edtica de privacidad. Tambi\u00e9n podemos conservar archivos de registro con fines de an\u00e1lisis &#8211; estos archivos de registro se conservan generalmente durante un corto per\u00edodo de tiempo, excepto en los casos en que la informaci\u00f3n se utiliza para la seguridad del sitio web, la mejora de la funcionalidad del sitio web, y en los casos en que estamos legalmente obligados a conservar la informaci\u00f3n durante per\u00edodos de tiempo m\u00e1s largos.<\/p>\n<h6><span style=\"color: #fa7b4c;\">5. C\u00f3mo protegemos sus datos<\/span><\/h6>\n<p>Nos tomamos la seguridad muy en serio y nos comprometemos a mantener su informaci\u00f3n segura. Aunque nos esforzamos por garantizar la seguridad de nuestros sistemas y de la informaci\u00f3n que poseemos, ning\u00fan servicio es completamente seguro. Si le preocupa que su informaci\u00f3n personal se haya puesto en peligro, p\u00f3ngase en contacto con nosotros inmediatamente.<\/p>\n<h6><span style=\"color: #fa7b4c;\">6. Cu\u00e1ndo se comparte su informaci\u00f3n con otros<\/span><\/h6>\n<p>Nunca venderemos su informaci\u00f3n personal. Podremos compartirla con otros de las siguientes formas:<\/p>\n<p>6.a) Cuando utilizamos otras empresas para prestar un servicio Trabajamos con servicios de terceros que nos prestan servicios de desarrollo de sitios web, alojamiento, mantenimiento y otros servicios. Estos terceros pueden tener acceso o procesar datos personales como parte de la prestaci\u00f3n de estos servicios a nosotros. Limitamos la informaci\u00f3n facilitada a la razonablemente necesaria para desempe\u00f1ar estas funciones, y les exigimos que traten sus datos personales como si nosotros los trat\u00e1ramos directamente.<\/p>\n<p>6.b) Informaci\u00f3n no identificable personalmente Utilizamos informaci\u00f3n agregada o no identificable personalmente para diversos fines, como la medici\u00f3n y el an\u00e1lisis del uso del sitio, la administraci\u00f3n del sistema y la mejora de nuestro sitio. Tambi\u00e9n podemos revelar esta informaci\u00f3n de identificaci\u00f3n no personal a terceros, incluidos anunciantes, proveedores e investigadores.<\/p>\n<p>6.c) Cumplimiento de la ley Podemos revelar informaci\u00f3n personal si as\u00ed nos lo exige la ley, o para cooperar de otro modo con las fuerzas del orden o con organismos gubernamentales. Nos reservamos el derecho a revelar datos personales para tomar precauciones contra la responsabilidad, o para protegernos a nosotros mismos o a otros de usos o actividades fraudulentos o ilegales.<\/p>\n<h6><span style=\"color: #fa7b4c;\">7. Sus derechos<\/span><\/h6>\n<p>Tienes derecho a:<\/p>\n<ul>\n<li>Solicitar una copia de la informaci\u00f3n que tenemos sobre usted.<\/li>\n<li>Pedirnos que corrijamos, eliminemos o utilicemos su informaci\u00f3n s\u00f3lo para determinados fines.<\/li>\n<li>Cambiar de opini\u00f3n en cualquier momento y pedirnos que dejemos de utilizar su informaci\u00f3n, por ejemplo, d\u00e1ndose de baja de los correos electr\u00f3nicos de marketing o de las cookies.<\/li>\n<li>Las excepciones a estos derechos incluyen: Cuando el acceso a los datos personales revele informaci\u00f3n personal sobre otra persona, o si estamos legalmente impedidos de revelar dicha informaci\u00f3n. Adem\u00e1s, podemos conservar los datos aunque usted retire su consentimiento, cuando podamos demostrar que tenemos la obligaci\u00f3n legal de tratar sus datos.<\/li>\n<\/ul>\n<h6><span style=\"color: #fa7b4c;\">8. 8. Enlaces a otros sitios web<\/span><\/h6>\n<p>Este sitio web puede contener enlaces a otros sitios web que est\u00e1n fuera de nuestro control y, como tales, no est\u00e1n cubiertos por esta pol\u00edtica de privacidad. Si accede a otro sitio web a trav\u00e9s de un enlace de este sitio, los operadores de estos sitios pueden recopilar su informaci\u00f3n de acuerdo con sus propias pol\u00edticas de privacidad. Tendr\u00e1 que leer la pol\u00edtica de privacidad de ese sitio web para averiguar si recopilan y\/o utilizan su informaci\u00f3n, y c\u00f3mo lo hacen.<\/p>\n<h6><span style=\"color: #fa7b4c;\">9. Cambios en los t\u00e9rminos de esta Pol\u00edtica de Privacidad<\/span><\/h6>\n<p>Vuelva a visitar esta p\u00e1gina peri\u00f3dicamente para estar al tanto de cualquier cambio en esta pol\u00edtica de privacidad, que podemos actualizar de vez en cuando. Si modificamos la pol\u00edtica, indicaremos el n\u00famero de versi\u00f3n y la fecha de la \u00faltima revisi\u00f3n en la parte superior de esta p\u00e1gina. Si consideramos que los cambios son importantes, se los comunicaremos de una de las siguientes maneras: (1) publicando los cambios en este sitio (2) envi\u00e1ndole un correo electr\u00f3nico para informarle de los cambios. El uso continuado de nuestros servicios despu\u00e9s de que la pol\u00edtica de privacidad haya entrado en vigor indica que usted ha le\u00eddo, entendido y aceptado la versi\u00f3n actual de la pol\u00edtica.<\/p>\n<h6><span style=\"color: #fa7b4c;\">10. C\u00f3mo ponerse en contacto con nosotros<\/span><\/h6>\n<p>Si tiene alguna pregunta sobre esta pol\u00edtica de privacidad o sobre sus derechos, o cree que sus datos personales se han utilizado o tratado de forma indebida, puede ponerse en contacto con nosotros a trav\u00e9s de los siguientes datos:<\/p>\n<ul>\n<li>Correo electr\u00f3nico: <a href=\"mailto:contactus@upliift.com\">contactus@upliift.com<\/a><\/li>\n<li>Tel: <a href=\"tel:+44%20207%20082%205170\">+44 207 082 5170<\/a><\/li>\n<li>Direcci\u00f3n: 140 Goswell Rd, Londres, Reino Unido, EC1V 7DY<\/li>\n<\/ul>\n<p>Tambi\u00e9n puede ponerse en contacto directamente con el Comisario de Informaci\u00f3n, que es un regulador independiente, de lunes a viernes, de 9 de la ma\u00f1ana a 4:30 de la tarde:<\/p>\n<ul>\n<li>Correo electr\u00f3nico: <a href=\"mailto:casework@ico.org.uk\">casework@ico.org.uk<\/a><\/li>\n<li>Tel: <a href=\"tel:0303%20123%201113\">0303 123 1113<\/a><\/li>\n<li>Tel\u00e9fono de texto: <a href=\"tel:0303%20123%201113\">01625 545 860<\/a><\/li>\n<li>Direcci\u00f3n: Oficina del Comisario de Informaci\u00f3n, Wycliffe House, Water Lane, Wilmslow, Cheshire SK9 5AF<\/li>\n<\/ul>\n[\/vc_column_text][\/vc_column][\/vc_row]\n","protected":false},"excerpt":{"rendered":"<p>[vc_row type=\u00bbin_container\u00bb full_screen_row_position=\u00bbmiddle\u00bb column_margin=\u00bbdefault\u00bb equal_height=\u00bbyes\u00bb content_placement=\u00bbmiddle\u00bb column_direction=\u00bbdefault\u00bb column_direction_tablet=\u00bbdefault\u00bb column_direction_phone=\u00bbdefault\u00bb scene_position=\u00bbcenter\u00bb constrain_group_2=\u00bbyes\u00bb top_padding_tablet=\u00bb20%\u00bb top_padding_phone=\u00bb25%\u00bb text_color=\u00bbdark\u00bb text_align=\u00bbleft\u00bb row_border_radius=\u00bbnone\u00bb row_border_radius_applies=\u00bbbg\u00bb zindex=\u00bb100&#8243; overflow=\u00bbvisible\u00bb advanced_gradient_angle=\u00bb0&#8243; overlay_strength=\u00bb0.3&#8243; gradient_direction=\u00bbleft_to_right\u00bb shape_divider_position=\u00bbbottom\u00bb bg_image_animation=\u00bbfade-in\u00bb gradient_type=\u00bbdefault\u00bb shape_type=\u00bb\u00bb][vc_column column_padding=\u00bbno-extra-padding\u00bb column_padding_tablet=\u00bbinherit\u00bb column_padding_phone=\u00bbinherit\u00bb column_padding_position=\u00bball\u00bb&#8230;<\/p>\n","protected":false},"author":1,"featured_media":0,"parent":0,"menu_order":0,"comment_status":"closed","ping_status":"open","template":"","meta":{"om_disable_all_campaigns":false,"_monsterinsights_skip_tracking":false,"_monsterinsights_sitenote_active":false,"_monsterinsights_sitenote_note":"","_monsterinsights_sitenote_category":0,"footnotes":""},"class_list":["post-9560","page","type-page","status-publish"],"aioseo_notices":[],"_links":{"self":[{"href":"https:\/\/upliift.com\/es\/wp-json\/wp\/v2\/pages\/9560","targetHints":{"allow":["GET"]}}],"collection":[{"href":"https:\/\/upliift.com\/es\/wp-json\/wp\/v2\/pages"}],"about":[{"href":"https:\/\/upliift.com\/es\/wp-json\/wp\/v2\/types\/page"}],"author":[{"embeddable":true,"href":"https:\/\/upliift.com\/es\/wp-json\/wp\/v2\/users\/1"}],"replies":[{"embeddable":true,"href":"https:\/\/upliift.com\/es\/wp-json\/wp\/v2\/comments?post=9560"}],"version-history":[{"count":7,"href":"https:\/\/upliift.com\/es\/wp-json\/wp\/v2\/pages\/9560\/revisions"}],"predecessor-version":[{"id":15469,"href":"https:\/\/upliift.com\/es\/wp-json\/wp\/v2\/pages\/9560\/revisions\/15469"}],"wp:attachment":[{"href":"https:\/\/upliift.com\/es\/wp-json\/wp\/v2\/media?parent=9560"}],"curies":[{"name":"wp","href":"https:\/\/api.w.org\/{rel}","templated":true}]}}