{"id":9548,"date":"2023-06-20T15:33:58","date_gmt":"2023-06-20T14:33:58","guid":{"rendered":"https:\/\/upliift.com\/condiciones-generales\/"},"modified":"2023-12-08T17:02:58","modified_gmt":"2023-12-08T17:02:58","slug":"condiciones-generales","status":"publish","type":"page","link":"https:\/\/upliift.com\/es\/condiciones-generales\/","title":{"rendered":"Condiciones generales"},"content":{"rendered":"[vc_row type=\u00bbin_container\u00bb full_screen_row_position=\u00bbmiddle\u00bb column_margin=\u00bbdefault\u00bb equal_height=\u00bbyes\u00bb content_placement=\u00bbmiddle\u00bb column_direction=\u00bbdefault\u00bb column_direction_tablet=\u00bbdefault\u00bb column_direction_phone=\u00bbdefault\u00bb scene_position=\u00bbcenter\u00bb constrain_group_2=\u00bbyes\u00bb top_padding_tablet=\u00bb20%\u00bb top_padding_phone=\u00bb25%\u00bb left_padding_phone=\u00bb3%\u00bb constrain_group_6=\u00bbyes\u00bb right_padding_phone=\u00bb3%\u00bb text_color=\u00bbdark\u00bb text_align=\u00bbleft\u00bb row_border_radius=\u00bbnone\u00bb row_border_radius_applies=\u00bbbg\u00bb zindex=\u00bb100&#8243; overflow=\u00bbvisible\u00bb advanced_gradient_angle=\u00bb0&#8243; overlay_strength=\u00bb0.3&#8243; gradient_direction=\u00bbleft_to_right\u00bb shape_divider_position=\u00bbbottom\u00bb bg_image_animation=\u00bbfade-in\u00bb gradient_type=\u00bbdefault\u00bb shape_type=\u00bb\u00bb][vc_column column_padding=\u00bbno-extra-padding\u00bb column_padding_tablet=\u00bbinherit\u00bb column_padding_phone=\u00bbinherit\u00bb column_padding_position=\u00bball\u00bb column_element_spacing=\u00bbdefault\u00bb background_color_opacity=\u00bb1&#8243; background_hover_color_opacity=\u00bb1&#8243; column_shadow=\u00bbnone\u00bb column_border_radius=\u00bbnone\u00bb column_link_target=\u00bb_self\u00bb column_position=\u00bbdefault\u00bb advanced_gradient_angle=\u00bb0&#8243; gradient_direction=\u00bbleft_to_right\u00bb overlay_strength=\u00bb0.3&#8243; width=\u00bb1\/1&#8243; tablet_width_inherit=\u00bbdefault\u00bb tablet_text_alignment=\u00bbdefault\u00bb phone_text_alignment=\u00bbdefault\u00bb animation_type=\u00bbdefault\u00bb enable_animation=\u00bbtrue\u00bb animation=\u00bbfade-in-from-bottom\u00bb bg_image_animation=\u00bbnone\u00bb border_type=\u00bbsimple\u00bb column_border_width=\u00bbnone\u00bb column_border_style=\u00bbsolid\u00bb gradient_type=\u00bbdefault\u00bb][split_line_heading animation_type=\u00bbline-reveal-by-space\u00bb font_style=\u00bbh2&#8243; text_color=\u00bb#000000&#8243; line_reveal_by_space_text_effect=\u00bbdefault\u00bb mobile_disable_animation=\u00bbtrue\u00bb content_alignment=\u00bbcenter\u00bb mobile_content_alignment=\u00bbcenter\u00bb link_target=\u00bb_self\u00bb font_size_tablet=\u00bb9vw\u00bb font_size_phone=\u00bb8vw\u00bb text_content=\u00bbCondiciones generales\u00bb][\/split_line_heading][\/vc_column][\/vc_row][vc_row type=\u00bbin_container\u00bb full_screen_row_position=\u00bbmiddle\u00bb column_margin=\u00bbdefault\u00bb column_direction=\u00bbdefault\u00bb column_direction_tablet=\u00bbdefault\u00bb column_direction_phone=\u00bbdefault\u00bb scene_position=\u00bbcenter\u00bb text_color=\u00bbdark\u00bb text_align=\u00bbleft\u00bb row_border_radius=\u00bbnone\u00bb row_border_radius_applies=\u00bbbg\u00bb overflow=\u00bbvisible\u00bb overlay_strength=\u00bb0.3&#8243; gradient_direction=\u00bbleft_to_right\u00bb shape_divider_position=\u00bbbottom\u00bb bg_image_animation=\u00bbnone\u00bb][vc_column column_padding=\u00bbno-extra-padding\u00bb column_padding_tablet=\u00bbinherit\u00bb column_padding_phone=\u00bbinherit\u00bb column_padding_position=\u00bball\u00bb column_element_spacing=\u00bbdefault\u00bb background_color_opacity=\u00bb1&#8243; background_hover_color_opacity=\u00bb1&#8243; column_shadow=\u00bbnone\u00bb column_border_radius=\u00bbnone\u00bb column_link_target=\u00bb_self\u00bb column_position=\u00bbdefault\u00bb gradient_direction=\u00bbleft_to_right\u00bb overlay_strength=\u00bb0.3&#8243; width=\u00bb1\/1&#8243; tablet_width_inherit=\u00bbdefault\u00bb tablet_text_alignment=\u00bbdefault\u00bb phone_text_alignment=\u00bbdefault\u00bb animation_type=\u00bbdefault\u00bb bg_image_animation=\u00bbnone\u00bb border_type=\u00bbsimple\u00bb column_border_width=\u00bbnone\u00bb column_border_style=\u00bbsolid\u00bb][vc_column_text]\n<h6><span style=\"color: #fa7b4c;\">\u00daltima actualizaci\u00f3n: 26 de julio de 2023<\/span><\/h6>\n<p>Le rogamos que lea atentamente las presentes Condiciones del servicio (\u00abCondiciones\u00bb, \u00abCondiciones del servicio\u00bb) antes de utilizar el sitio https:\/\/upliift.com\/ operado por Upliift (\u00abnosotros\u00bb, \u00abnos\u00bb o \u00abnuestro\u00bb).<\/p>\n<p>Su acceso y uso del Servicio est\u00e1n condicionados a la aceptaci\u00f3n y cumplimiento de estas Condiciones. Estas Condiciones se aplican a todos los visitantes, usuarios y dem\u00e1s personas que accedan o utilicen el Servicio.<\/p>\n<p>Al acceder o utilizar el Servicio, usted acepta quedar vinculado por estas Condiciones. Si no est\u00e1 de acuerdo con alguna parte de las condiciones, no podr\u00e1 acceder al Servicio.<\/p>\n<h6><span style=\"color: #fa7b4c;\">Derechos de autor y propiedad intelectual<\/span><\/h6>\n<p>Salvo que se indique lo contrario, los contenidos de este sitio, incluidos, entre otros, los textos e im\u00e1genes que contiene y su disposici\u00f3n, son propiedad de Upliift o de sus clientes. Todas las marcas comerciales utilizadas o mencionadas en este sitio web pertenecen a sus respectivos propietarios.<\/p>\n<p>Nada de lo contenido en este sitio se interpretar\u00e1 como una concesi\u00f3n, por implicaci\u00f3n, impedimento o de otro modo, de licencia o derecho alguno sobre derechos de autor, patentes, marcas comerciales u otros intereses de propiedad de Upliift o de terceros. Este sitio y el contenido proporcionado en este sitio, incluyendo, pero no limitado a, im\u00e1genes gr\u00e1ficas, audio, v\u00eddeo, c\u00f3digo html, botones y texto, no puede ser copiado, reproducido, republicado, cargado, publicado, transmitido o distribuido de ninguna manera, sin el consentimiento previo por escrito de Upliift, excepto que usted puede descargar, mostrar e imprimir una copia de los materiales en un solo ordenador \u00fanicamente para su uso personal y no comercial, siempre que no modifique el material de ninguna manera y mantenga intactos todos los derechos de autor, marcas registradas y otros avisos de propiedad.<\/p>\n<h6><span style=\"color: #fa7b4c;\">Enlaces a otros sitios web<\/span><\/h6>\n<p>Nuestro Servicio puede contener enlaces a sitios web o servicios de terceros que no son propiedad o no est\u00e1n controlados por Upliift.<\/p>\n<p>Upliift no controla ni asume responsabilidad alguna por el contenido, las pol\u00edticas de privacidad o las pr\u00e1cticas de sitios web o servicios de terceros. Adem\u00e1s, el usuario reconoce y acepta que Upliift no ser\u00e1 responsable, directa o indirectamente, de ning\u00fan da\u00f1o o p\u00e9rdida causados o supuestamente causados por el uso o la confianza depositada en dichos contenidos, bienes o servicios disponibles en dichos sitios web o servicios o a trav\u00e9s de ellos.<\/p>\n<p>Le recomendamos encarecidamente que lea las condiciones y pol\u00edticas de privacidad de los sitios web o servicios de terceros que visite.<\/p>\n<h6><span style=\"color: #fa7b4c;\">Derecho aplicable<\/span><\/h6>\n<p>Las presentes Condiciones se regir\u00e1n e interpretar\u00e1n de conformidad con la legislaci\u00f3n del Reino Unido, sin tener en cuenta sus disposiciones en materia de conflicto de leyes.<\/p>\n<p>El hecho de que no hagamos valer cualquier derecho o disposici\u00f3n de estas Condiciones no se considerar\u00e1 una renuncia a dichos derechos. Si alguna disposici\u00f3n de estas Condiciones es declarada inv\u00e1lida o inaplicable por un tribunal, las restantes disposiciones de estas Condiciones seguir\u00e1n en vigor. Estas Condiciones constituyen el acuerdo completo entre nosotros en relaci\u00f3n con nuestro Servicio, y sustituyen y reemplazan cualquier acuerdo anterior que pudi\u00e9ramos tener entre nosotros en relaci\u00f3n con el Servicio.<\/p>\n<h6><span style=\"color: #fa7b4c;\">Cambios<\/span><\/h6>\n<p>Nos reservamos el derecho, a nuestra entera discreci\u00f3n, de modificar o sustituir estas Condiciones en cualquier momento. Si la revisi\u00f3n es sustancial, intentaremos avisar con al menos 15 d\u00edas de antelaci\u00f3n a la entrada en vigor de las nuevas condiciones. Lo que constituya un cambio material se determinar\u00e1 a nuestra entera discreci\u00f3n.<\/p>\n<p>Al continuar accediendo o utilizando nuestro Servicio despu\u00e9s de que dichas revisiones entren en vigor, usted acepta quedar vinculado por los t\u00e9rminos revisados. Si no est\u00e1 de acuerdo con las nuevas condiciones, deje de utilizar el Servicio.<\/p>\n<h6><span style=\"color: #fa7b4c;\">Contacte con nosotros<\/span><\/h6>\n<p>Si tiene alguna pregunta sobre estas Condiciones, <a href=\"https:\/\/upliift.com\/es\/pongase-en-contacto-con\/\">p\u00f3ngase en contacto con nosotros<\/a>.[\/vc_column_text][\/vc_column][\/vc_row]\n","protected":false},"excerpt":{"rendered":"<p>[vc_row type=\u00bbin_container\u00bb full_screen_row_position=\u00bbmiddle\u00bb column_margin=\u00bbdefault\u00bb equal_height=\u00bbyes\u00bb content_placement=\u00bbmiddle\u00bb column_direction=\u00bbdefault\u00bb column_direction_tablet=\u00bbdefault\u00bb column_direction_phone=\u00bbdefault\u00bb scene_position=\u00bbcenter\u00bb constrain_group_2=\u00bbyes\u00bb top_padding_tablet=\u00bb20%\u00bb top_padding_phone=\u00bb25%\u00bb left_padding_phone=\u00bb3%\u00bb constrain_group_6=\u00bbyes\u00bb right_padding_phone=\u00bb3%\u00bb text_color=\u00bbdark\u00bb text_align=\u00bbleft\u00bb row_border_radius=\u00bbnone\u00bb row_border_radius_applies=\u00bbbg\u00bb zindex=\u00bb100&#8243; overflow=\u00bbvisible\u00bb advanced_gradient_angle=\u00bb0&#8243; overlay_strength=\u00bb0.3&#8243; gradient_direction=\u00bbleft_to_right\u00bb shape_divider_position=\u00bbbottom\u00bb bg_image_animation=\u00bbfade-in\u00bb gradient_type=\u00bbdefault\u00bb shape_type=\u00bb\u00bb][vc_column column_padding=\u00bbno-extra-padding\u00bb&#8230;<\/p>\n","protected":false},"author":1,"featured_media":0,"parent":0,"menu_order":0,"comment_status":"closed","ping_status":"closed","template":"","meta":{"om_disable_all_campaigns":false,"_monsterinsights_skip_tracking":false,"_monsterinsights_sitenote_active":false,"_monsterinsights_sitenote_note":"","_monsterinsights_sitenote_category":0,"footnotes":""},"class_list":["post-9548","page","type-page","status-publish"],"aioseo_notices":[],"_links":{"self":[{"href":"https:\/\/upliift.com\/es\/wp-json\/wp\/v2\/pages\/9548","targetHints":{"allow":["GET"]}}],"collection":[{"href":"https:\/\/upliift.com\/es\/wp-json\/wp\/v2\/pages"}],"about":[{"href":"https:\/\/upliift.com\/es\/wp-json\/wp\/v2\/types\/page"}],"author":[{"embeddable":true,"href":"https:\/\/upliift.com\/es\/wp-json\/wp\/v2\/users\/1"}],"replies":[{"embeddable":true,"href":"https:\/\/upliift.com\/es\/wp-json\/wp\/v2\/comments?post=9548"}],"version-history":[{"count":6,"href":"https:\/\/upliift.com\/es\/wp-json\/wp\/v2\/pages\/9548\/revisions"}],"predecessor-version":[{"id":10628,"href":"https:\/\/upliift.com\/es\/wp-json\/wp\/v2\/pages\/9548\/revisions\/10628"}],"wp:attachment":[{"href":"https:\/\/upliift.com\/es\/wp-json\/wp\/v2\/media?parent=9548"}],"curies":[{"name":"wp","href":"https:\/\/api.w.org\/{rel}","templated":true}]}}