{"id":9554,"date":"2023-02-21T12:09:15","date_gmt":"2023-02-21T12:09:15","guid":{"rendered":"https:\/\/upliift.com\/datenschutzbestimmungen\/"},"modified":"2025-06-06T09:27:54","modified_gmt":"2025-06-06T08:27:54","slug":"datenschutzbestimmungen","status":"publish","type":"page","link":"https:\/\/upliift.com\/de\/datenschutzbestimmungen\/","title":{"rendered":"Datenschutzbestimmungen"},"content":{"rendered":"[vc_row type=&#8220;in_container&#8220; full_screen_row_position=&#8220;middle&#8220; column_margin=&#8220;default&#8220; equal_height=&#8220;yes&#8220; content_placement=&#8220;middle&#8220; column_direction=&#8220;default&#8220; column_direction_tablet=&#8220;default&#8220; column_direction_phone=&#8220;default&#8220; scene_position=&#8220;center&#8220; constrain_group_2=&#8220;yes&#8220; top_padding_tablet=&#8220;20%&#8220; top_padding_phone=&#8220;25%&#8220; text_color=&#8220;dark&#8220; text_align=&#8220;left&#8220; row_border_radius=&#8220;none&#8220; row_border_radius_applies=&#8220;bg&#8220; zindex=&#8220;100&#8243; overflow=&#8220;visible&#8220; advanced_gradient_angle=&#8220;0&#8243; overlay_strength=&#8220;0.3&#8243; gradient_direction=&#8220;left_to_right&#8220; shape_divider_position=&#8220;bottom&#8220; bg_image_animation=&#8220;fade-in&#8220; gradient_type=&#8220;default&#8220; shape_type=&#8220;&#8220;][vc_column column_padding=&#8220;no-extra-padding&#8220; column_padding_tablet=&#8220;inherit&#8220; column_padding_phone=&#8220;inherit&#8220; column_padding_position=&#8220;all&#8220; column_element_spacing=&#8220;default&#8220; background_color_opacity=&#8220;1&#8243; background_hover_color_opacity=&#8220;1&#8243; column_shadow=&#8220;none&#8220; column_border_radius=&#8220;none&#8220; column_link_target=&#8220;_self&#8220; column_position=&#8220;default&#8220; advanced_gradient_angle=&#8220;0&#8243; gradient_direction=&#8220;left_to_right&#8220; overlay_strength=&#8220;0.3&#8243; width=&#8220;1\/1&#8243; tablet_width_inherit=&#8220;default&#8220; tablet_text_alignment=&#8220;default&#8220; phone_text_alignment=&#8220;default&#8220; animation_type=&#8220;default&#8220; enable_animation=&#8220;true&#8220; animation=&#8220;fade-in-from-bottom&#8220; bg_image_animation=&#8220;none&#8220; border_type=&#8220;simple&#8220; column_border_width=&#8220;none&#8220; column_border_style=&#8220;solid&#8220; gradient_type=&#8220;default&#8220;][split_line_heading animation_type=&#8220;line-reveal-by-space&#8220; font_style=&#8220;h2&#8243; text_color=&#8220;#000000&#8243; line_reveal_by_space_text_effect=&#8220;default&#8220; mobile_disable_animation=&#8220;true&#8220; content_alignment=&#8220;center&#8220; mobile_content_alignment=&#8220;center&#8220; link_target=&#8220;_self&#8220; font_size_tablet=&#8220;9vw&#8220; font_size_phone=&#8220;10vw&#8220; text_content=&#8220;Datenschutzbestimmungen&#8220;][\/split_line_heading][\/vc_column][\/vc_row][vc_row type=&#8220;in_container&#8220; full_screen_row_position=&#8220;middle&#8220; column_margin=&#8220;default&#8220; column_direction=&#8220;default&#8220; column_direction_tablet=&#8220;default&#8220; column_direction_phone=&#8220;default&#8220; scene_position=&#8220;center&#8220; text_color=&#8220;dark&#8220; text_align=&#8220;left&#8220; row_border_radius=&#8220;none&#8220; row_border_radius_applies=&#8220;bg&#8220; overflow=&#8220;visible&#8220; overlay_strength=&#8220;0.3&#8243; gradient_direction=&#8220;left_to_right&#8220; shape_divider_position=&#8220;bottom&#8220; bg_image_animation=&#8220;none&#8220;][vc_column column_padding=&#8220;no-extra-padding&#8220; column_padding_tablet=&#8220;inherit&#8220; column_padding_phone=&#8220;inherit&#8220; column_padding_position=&#8220;all&#8220; column_element_spacing=&#8220;default&#8220; background_color_opacity=&#8220;1&#8243; background_hover_color_opacity=&#8220;1&#8243; column_shadow=&#8220;none&#8220; column_border_radius=&#8220;none&#8220; column_link_target=&#8220;_self&#8220; column_position=&#8220;default&#8220; gradient_direction=&#8220;left_to_right&#8220; overlay_strength=&#8220;0.3&#8243; width=&#8220;1\/1&#8243; tablet_width_inherit=&#8220;default&#8220; tablet_text_alignment=&#8220;default&#8220; phone_text_alignment=&#8220;default&#8220; animation_type=&#8220;default&#8220; bg_image_animation=&#8220;none&#8220; border_type=&#8220;simple&#8220; column_border_width=&#8220;none&#8220; column_border_style=&#8220;solid&#8220;][vc_column_text]Wir respektieren Ihr Recht auf Privatsph\u00e4re und haben Sicherheitsma\u00dfnahmen f\u00fcr Ihre pers\u00f6nlichen Daten ergriffen, die sicherstellen, dass Ihre pers\u00f6nlichen Daten in \u00dcbereinstimmung mit den geltenden Datenschutzbestimmungen verwaltet werden.<\/p>\n<p>Bitte beachten Sie, dass Upliift der Datenverantwortliche f\u00fcr Ihre pers\u00f6nlichen Daten ist. Die in dieser Datenschutzrichtlinie dargelegten Grunds\u00e4tze gelten f\u00fcr alle F\u00e4lle, in denen Upliift Ihre personenbezogenen Daten als Datenverantwortlicher f\u00fcr die in dieser Richtlinie beschriebenen Zwecke erh\u00e4lt. Diese Zwecke sind die Verarbeitung von Daten f\u00fcr die Teilnahme an den verschiedenen Aktivit\u00e4ten auf dieser Website oder wie unten erw\u00e4hnt.<\/p>\n<p>In dieser Datenschutzerkl\u00e4rung wird erl\u00e4utert, welche Informationen wir \u00fcber die Website sammeln, wann wir sie sammeln, wie wir sie verwenden, wie sie gesichert werden und welche Rechte Sie in Bezug auf Ihre pers\u00f6nlichen Daten haben.<\/p>\n<h6><span style=\"color: #fa7b4c;\">1. Welche Informationen wir sammeln<\/span><\/h6>\n<p>Die personenbezogenen Daten, die wir \u00fcber diese Website erheben, werden nur dann erfasst, wenn wir Ihr Einverst\u00e4ndnis dazu haben oder wenn sie ben\u00f6tigt werden, um unseren Service f\u00fcr Sie bereitzustellen (und zu verbessern). Wenn auf der Website personenbezogene Daten erhoben werden, geben wir an, wozu Ihre personenbezogenen Daten ben\u00f6tigt werden und wie sie verwendet werden, sofern dies nicht offensichtlich ist.<\/p>\n<p>1.a) Informationen, die Sie uns zur Verf\u00fcgung stellen Bei der Nutzung der Website k\u00f6nnen Sie pers\u00f6nliche Daten angeben, die wir sammeln. Beispiele f\u00fcr personenbezogene Daten sind Name, Telefonnummer, E-Mail-Adresse und Rechnungsdaten. Sie k\u00f6nnen uns personenbezogene Daten auf verschiedene Weise auf unserer Website zur Verf\u00fcgung stellen, z. B. wenn Sie das Kontaktformular auf dieser Website ausf\u00fcllen.<\/p>\n<p>1.b) Automatisch gesammelte Informationen Wenn ein Benutzer unsere Website besucht, sammeln wir automatisch Informationen vom Ger\u00e4t des Benutzers, indem wir verschiedene Technologien wie Cookies verwenden. Beispiele f\u00fcr automatisch erfasste Informationen sind: IP-Adresse, Webbrowser, Ger\u00e4tetyp und die vor der Nutzung der Website besuchten Seiten\/Websites. Wir k\u00f6nnen auch Technologien verwenden, um Informationen \u00fcber die Interaktion eines Benutzers mit von uns gesendeten E-Mail-Nachrichten zu sammeln, wie z. B. \u00d6ffnungs- und Klickdaten.<\/p>\n<p>1.c) Informationen aus anderen Quellen Wir k\u00f6nnen Informationen, einschlie\u00dflich personenbezogener Daten, von Dritten und Quellen wie unseren Partnern, Werbetreibenden und integrierten Diensten sammeln. Wenn wir Informationen aus anderen Quellen mit pers\u00f6nlichen Daten, die wir \u00fcber diese Website sammeln, verbinden oder kombinieren, werden wir diese Informationen als pers\u00f6nliche Daten in \u00dcbereinstimmung mit dieser Richtlinie behandeln.<\/p>\n<h6><span style=\"color: #fa7b4c;\">2. Schutz der Privatsph\u00e4re von Kindern<\/span><\/h6>\n<p>Unsere Dienste sind nicht f\u00fcr Personen unter 18 Jahren bestimmt und richten sich auch nicht absichtlich an diese. Wir erheben und speichern \u00fcber diese Website nicht absichtlich Daten von Personen unter 18 Jahren.<\/p>\n<h6><span style=\"color: #fa7b4c;\">3. Wie wir die von uns gesammelten Informationen verwenden<\/span><\/h6>\n<p>Wir verwenden die von uns gesammelten Informationen auf verschiedene Weise, um unseren Service anzubieten, einschlie\u00dflich der folgenden:<\/p>\n<p>3.a) Betrieb Wir verwenden Informationen, um alle Funktionen dieser Website zu betreiben und zu verbessern, um Dienstleistungen und Informationen bereitzustellen, die von Besuchern der Website angefordert werden.<\/p>\n<p>3.b) Verbesserungen der Website Wir verwenden Informationen, um die Pr\u00e4ferenzen und das Nutzerverhalten der Besucher dieser Website zu verstehen und zu analysieren. Auf diese Weise k\u00f6nnen wir die Funktionalit\u00e4t der von uns angebotenen Dienste verbessern und neue Dienste und Funktionen entwickeln. Alle zu diesem Zweck verwendeten Daten werden in anonymisierter Form verarbeitet.<\/p>\n<p>3.c) Kommunikation Wir k\u00f6nnen Kontaktinformationen verwenden, um die Nutzer der Website zu administrativen Zwecken zu kontaktieren und sie \u00fcber Neuigkeiten bez\u00fcglich der von uns angebotenen Produkte und Dienstleistungen zu informieren. Sie haben die M\u00f6glichkeit, sich von allen Werbemitteilungen abzumelden, wie im Abschnitt unten unter &#8222;Ihre Rechte&#8220; beschrieben.<\/p>\n<p>3.d) Cookies und Tracking-Technologie Wir verwenden automatisch gesammelte Informationen und andere Informationen, die auf dieser Website durch Cookies und \u00e4hnliche Tracking-Technologie gesammelt werden. Dies hilft uns, unseren Service zu personalisieren, z. B:<\/p>\n<ul>\n<li>Speicherung der bei fr\u00fcheren Besuchen auf der Website eingegebenen Informationen, so dass der Benutzer diese Informationen bei sp\u00e4teren Besuchen nicht erneut eingeben muss.<\/li>\n<li>Bereitstellung von personalisierter Werbung, Inhalten und Informationen.<\/li>\n<li>\u00dcberwachung und Analyse der Wirksamkeit der Website und der Marketingaktivit\u00e4ten von Dritten.<\/li>\n<li>\u00dcberwachen Sie die Gesamtkennzahlen zur Nutzung der Website, z. B. die Gesamtzahl der Besucher der Website oder der aufgerufenen Seiten.<\/li>\n<li>Verfolgen Sie Ihre Beitr\u00e4ge und Einreichungen auf der Website.<\/li>\n<\/ul>\n<p>3.e) Analytik<\/p>\n<p>Wir verwenden Google Analytics, um den Verkehr auf der Website zu messen und auszuwerten. Google arbeitet unabh\u00e4ngig und hat seine eigenen Datenschutzrichtlinien, die Sie <a href=\"https:\/\/support.google.com\/analytics\/answer\/6004245\">hier<\/a> einsehen k\u00f6nnen: Diese Daten werden in nicht identifizierbarer Form gesammelt und wir verwenden diese Informationen nicht, um zu versuchen, die Nutzer der Website zu identifizieren.<\/p>\n<h6><span style=\"color: #fa7b4c;\">4. Wie lange wir Ihre Daten speichern<\/span><\/h6>\n<p>Wir werden Ihre Daten nur so lange speichern, wie es f\u00fcr die in dieser Datenschutzrichtlinie genannten Zwecke erforderlich ist. Diese Protokolldateien werden in der Regel f\u00fcr einen kurzen Zeitraum aufbewahrt, au\u00dfer in F\u00e4llen, in denen die Informationen f\u00fcr die Sicherheit der Website, die Verbesserung der Funktionalit\u00e4t der Website und in F\u00e4llen, in denen wir gesetzlich verpflichtet sind, Informationen f\u00fcr l\u00e4ngere Zeitr\u00e4ume aufzubewahren, verwendet werden.<\/p>\n<h6><span style=\"color: #fa7b4c;\">5. Wie wir Ihre Daten sch\u00fctzen<\/span><\/h6>\n<p>Wir nehmen die Sicherheit sehr ernst und sind bestrebt, Ihre Daten zu sch\u00fctzen. Obwohl wir uns bem\u00fchen, die Sicherheit unserer Systeme und der von uns gespeicherten Informationen zu gew\u00e4hrleisten, kann keine Dienstleistung als vollkommen sicher angesehen werden. Wenn Sie Bedenken haben, dass Ihre pers\u00f6nlichen Daten in Gefahr sind, nehmen Sie bitte sofort Kontakt mit uns auf.<\/p>\n<h6><span style=\"color: #fa7b4c;\">6. Wenn Ihre Informationen mit anderen geteilt werden<\/span><\/h6>\n<p>Wir werden Ihre pers\u00f6nlichen Daten niemals verkaufen. Wir k\u00f6nnen sie auf folgende Weise mit anderen teilen:<\/p>\n<p>6.a) Wenn wir andere Unternehmen zur Erbringung einer Dienstleistung heranziehen Wir arbeiten mit Drittanbietern zusammen, die Website-Entwicklung, Hosting, Wartung und andere Dienstleistungen f\u00fcr uns erbringen. Diese Dritten k\u00f6nnen im Rahmen der Erbringung dieser Dienstleistungen f\u00fcr uns Zugang zu personenbezogenen Daten haben oder diese verarbeiten. Wir beschr\u00e4nken die zur Verf\u00fcgung gestellten Informationen auf das, was vern\u00fcnftigerweise notwendig ist, um diese Aufgaben zu erf\u00fcllen, und verlangen von ihnen, dass sie Ihre pers\u00f6nlichen Daten so behandeln, als ob wir sie direkt behandeln w\u00fcrden.<\/p>\n<p>6.b) Nicht pers\u00f6nlich identifizierbare Informationen Wir verwenden zusammengefasste oder anderweitig nicht pers\u00f6nlich identifizierbare Informationen f\u00fcr eine Reihe von Zwecken, einschlie\u00dflich der Messung und Analyse der Nutzung der Website, der Systemverwaltung und der Verbesserung unserer Website. Wir k\u00f6nnen diese nicht pers\u00f6nlich identifizierbaren Informationen auch an Dritte weitergeben, z. B. an Werbetreibende, Verk\u00e4ufer und Forscher.<\/p>\n<p>6.c) Einhaltung von Gesetzen Wir k\u00f6nnen personenbezogene Daten offenlegen, wenn dies gesetzlich vorgeschrieben ist oder um auf andere Weise mit Strafverfolgungs- oder Regierungsbeh\u00f6rden zusammenzuarbeiten. Wir behalten uns das Recht vor, personenbezogene Daten offenzulegen, um Vorkehrungen gegen die Haftung zu treffen oder uns oder andere vor betr\u00fcgerischen oder rechtswidrigen Nutzungen oder Aktivit\u00e4ten zu sch\u00fctzen.<\/p>\n<h6><span style=\"color: #fa7b4c;\">7. Deine Rechte<\/span><\/h6>\n<p>Sie haben das Recht dazu:<\/p>\n<ul>\n<li>Sie k\u00f6nnen eine Kopie der Informationen anfordern, die wir \u00fcber Sie gespeichert haben.<\/li>\n<li>Sie k\u00f6nnen uns bitten, Ihre Daten zu korrigieren, zu l\u00f6schen oder nur f\u00fcr bestimmte Zwecke zu verwenden.<\/li>\n<li>Sie k\u00f6nnen jederzeit Ihre Meinung \u00e4ndern und uns bitten, die Verwendung Ihrer Daten einzustellen &#8211; zum Beispiel, indem Sie sich von Marketing-E-Mails abmelden oder keine Cookies mehr zulassen.<\/li>\n<li>Zu den Ausnahmen von diesen Rechten geh\u00f6ren: Wenn der Zugang zu personenbezogenen Daten pers\u00f6nliche Informationen \u00fcber eine andere Person offenbaren w\u00fcrde oder wenn wir gesetzlich daran gehindert sind, solche Informationen offenzulegen. Dar\u00fcber hinaus k\u00f6nnen wir Daten auch dann aufbewahren, wenn Sie Ihre Einwilligung widerrufen, sofern wir nachweisen k\u00f6nnen, dass wir gesetzlich verpflichtet sind, Ihre Daten zu verarbeiten.<\/li>\n<\/ul>\n<h6><span style=\"color: #fa7b4c;\">8. Links zu anderen Websites<\/span><\/h6>\n<p>Diese Website kann Links zu anderen Websites enthalten, die sich unserer Kontrolle entziehen und daher nicht unter diese Datenschutzrichtlinie fallen. Wenn Sie \u00fcber einen Link auf dieser Website auf eine andere Website zugreifen, k\u00f6nnen die Betreiber dieser Websites Ihre Daten in \u00dcbereinstimmung mit ihren eigenen Datenschutzrichtlinien erfassen. Sie m\u00fcssen die Datenschutzrichtlinien auf dieser Website lesen, um herauszufinden, ob\/wie sie Ihre Daten sammeln und\/oder verwenden.<\/p>\n<h6><span style=\"color: #fa7b4c;\">9. \u00c4nderungen an den Bedingungen dieser Datenschutzrichtlinie<\/span><\/h6>\n<p>Bitte besuchen Sie diese Seite regelm\u00e4\u00dfig, um sich \u00fcber etwaige \u00c4nderungen dieser Datenschutzrichtlinie zu informieren, die wir von Zeit zu Zeit aktualisieren k\u00f6nnen. Wenn wir die Richtlinie \u00e4ndern, werden wir die Versionsnummer und das Datum der letzten \u00dcberarbeitung oben auf dieser Seite angeben. Wenn wir der Meinung sind, dass die \u00c4nderungen wesentlich sind, werden wir Sie \u00fcber diese informieren, indem wir entweder\/oder: (1) die \u00c4nderungen auf dieser Website ver\u00f6ffentlichen (2) Ihnen eine E-Mail schicken, um Sie \u00fcber die \u00c4nderungen zu informieren. Wenn Sie unsere Dienste nach Inkrafttreten der Datenschutzrichtlinie weiterhin nutzen, bedeutet dies, dass Sie die aktuelle Version der Richtlinie gelesen und verstanden haben und ihr zustimmen.<\/p>\n<h6><span style=\"color: #fa7b4c;\">10. Wie Sie uns kontaktieren k\u00f6nnen<\/span><\/h6>\n<p>Wenn Sie Fragen zu dieser Datenschutzerkl\u00e4rung oder zu Ihren Rechten haben oder der Meinung sind, dass Ihre personenbezogenen Daten missbraucht oder falsch behandelt wurden, k\u00f6nnen Sie uns unter den folgenden Kontaktdaten kontaktieren:<\/p>\n<ul>\n<li>E-Mail: <a href=\"mailto:contactus@upliift.com\">contactus@upliift.com<\/a><\/li>\n<li>Telefon: <a href=\"tel:+44%20207%20082%205170\">+44 207 082 5170<\/a><\/li>\n<li>Anschrift: 140 Goswell Rd, London, Vereinigtes K\u00f6nigreich, EC1V 7DY<\/li>\n<\/ul>\n<p>Sie k\u00f6nnen sich auch direkt an den Informationsbeauftragten wenden, der eine unabh\u00e4ngige Aufsichtsbeh\u00f6rde ist, und zwar montags bis freitags von 9.00 bis 16.30 Uhr:<\/p>\n<ul>\n<li>E-Mail: <a href=\"mailto:casework@ico.org.uk\">casework@ico.org.uk<\/a><\/li>\n<li>Telefon: <a href=\"tel:0303%20123%201113\">0303 123 1113<\/a><\/li>\n<li>Textphone: <a href=\"tel:0303%20123%201113\">01625 545 860<\/a><\/li>\n<li>Anschrift: B\u00fcro des Informationsbeauftragten, Wycliffe House, Water Lane, Wilmslow, Cheshire SK9 5AF<\/li>\n<\/ul>\n[\/vc_column_text][\/vc_column][\/vc_row]\n","protected":false},"excerpt":{"rendered":"<p>[vc_row type=&#8220;in_container&#8220; full_screen_row_position=&#8220;middle&#8220; column_margin=&#8220;default&#8220; equal_height=&#8220;yes&#8220; content_placement=&#8220;middle&#8220; column_direction=&#8220;default&#8220; column_direction_tablet=&#8220;default&#8220; column_direction_phone=&#8220;default&#8220; scene_position=&#8220;center&#8220; constrain_group_2=&#8220;yes&#8220; top_padding_tablet=&#8220;20%&#8220; top_padding_phone=&#8220;25%&#8220; text_color=&#8220;dark&#8220; text_align=&#8220;left&#8220; row_border_radius=&#8220;none&#8220; row_border_radius_applies=&#8220;bg&#8220; zindex=&#8220;100&#8243; overflow=&#8220;visible&#8220; advanced_gradient_angle=&#8220;0&#8243; overlay_strength=&#8220;0.3&#8243; gradient_direction=&#8220;left_to_right&#8220; shape_divider_position=&#8220;bottom&#8220; bg_image_animation=&#8220;fade-in&#8220; gradient_type=&#8220;default&#8220; shape_type=&#8220;&#8220;][vc_column column_padding=&#8220;no-extra-padding&#8220; column_padding_tablet=&#8220;inherit&#8220; column_padding_phone=&#8220;inherit&#8220; column_padding_position=&#8220;all&#8220;&#8230;<\/p>\n","protected":false},"author":1,"featured_media":0,"parent":0,"menu_order":0,"comment_status":"closed","ping_status":"open","template":"","meta":{"om_disable_all_campaigns":false,"_monsterinsights_skip_tracking":false,"_monsterinsights_sitenote_active":false,"_monsterinsights_sitenote_note":"","_monsterinsights_sitenote_category":0,"footnotes":""},"class_list":["post-9554","page","type-page","status-publish"],"aioseo_notices":[],"_links":{"self":[{"href":"https:\/\/upliift.com\/de\/wp-json\/wp\/v2\/pages\/9554","targetHints":{"allow":["GET"]}}],"collection":[{"href":"https:\/\/upliift.com\/de\/wp-json\/wp\/v2\/pages"}],"about":[{"href":"https:\/\/upliift.com\/de\/wp-json\/wp\/v2\/types\/page"}],"author":[{"embeddable":true,"href":"https:\/\/upliift.com\/de\/wp-json\/wp\/v2\/users\/1"}],"replies":[{"embeddable":true,"href":"https:\/\/upliift.com\/de\/wp-json\/wp\/v2\/comments?post=9554"}],"version-history":[{"count":11,"href":"https:\/\/upliift.com\/de\/wp-json\/wp\/v2\/pages\/9554\/revisions"}],"predecessor-version":[{"id":15471,"href":"https:\/\/upliift.com\/de\/wp-json\/wp\/v2\/pages\/9554\/revisions\/15471"}],"wp:attachment":[{"href":"https:\/\/upliift.com\/de\/wp-json\/wp\/v2\/media?parent=9554"}],"curies":[{"name":"wp","href":"https:\/\/api.w.org\/{rel}","templated":true}]}}