{"id":9542,"date":"2023-06-20T15:33:58","date_gmt":"2023-06-20T14:33:58","guid":{"rendered":"https:\/\/upliift.com\/bedingungen-und-konditionen\/"},"modified":"2023-12-08T17:02:33","modified_gmt":"2023-12-08T17:02:33","slug":"bedingungen-und-konditionen","status":"publish","type":"page","link":"https:\/\/upliift.com\/de\/bedingungen-und-konditionen\/","title":{"rendered":"Bedingungen und Konditionen"},"content":{"rendered":"[vc_row type=&#8220;in_container&#8220; full_screen_row_position=&#8220;middle&#8220; column_margin=&#8220;default&#8220; equal_height=&#8220;yes&#8220; content_placement=&#8220;middle&#8220; column_direction=&#8220;default&#8220; column_direction_tablet=&#8220;default&#8220; column_direction_phone=&#8220;default&#8220; scene_position=&#8220;center&#8220; constrain_group_2=&#8220;yes&#8220; top_padding_tablet=&#8220;20%&#8220; top_padding_phone=&#8220;25%&#8220; left_padding_phone=&#8220;3%&#8220; constrain_group_6=&#8220;yes&#8220; right_padding_phone=&#8220;3%&#8220; text_color=&#8220;dark&#8220; text_align=&#8220;left&#8220; row_border_radius=&#8220;none&#8220; row_border_radius_applies=&#8220;bg&#8220; zindex=&#8220;100&#8243; overflow=&#8220;visible&#8220; advanced_gradient_angle=&#8220;0&#8243; overlay_strength=&#8220;0.3&#8243; gradient_direction=&#8220;left_to_right&#8220; shape_divider_position=&#8220;bottom&#8220; bg_image_animation=&#8220;fade-in&#8220; gradient_type=&#8220;default&#8220; shape_type=&#8220;&#8220;][vc_column column_padding=&#8220;no-extra-padding&#8220; column_padding_tablet=&#8220;inherit&#8220; column_padding_phone=&#8220;inherit&#8220; column_padding_position=&#8220;all&#8220; column_element_spacing=&#8220;default&#8220; background_color_opacity=&#8220;1&#8243; background_hover_color_opacity=&#8220;1&#8243; column_shadow=&#8220;none&#8220; column_border_radius=&#8220;none&#8220; column_link_target=&#8220;_self&#8220; column_position=&#8220;default&#8220; advanced_gradient_angle=&#8220;0&#8243; gradient_direction=&#8220;left_to_right&#8220; overlay_strength=&#8220;0.3&#8243; width=&#8220;1\/1&#8243; tablet_width_inherit=&#8220;default&#8220; tablet_text_alignment=&#8220;default&#8220; phone_text_alignment=&#8220;default&#8220; animation_type=&#8220;default&#8220; enable_animation=&#8220;true&#8220; animation=&#8220;fade-in-from-bottom&#8220; bg_image_animation=&#8220;none&#8220; border_type=&#8220;simple&#8220; column_border_width=&#8220;none&#8220; column_border_style=&#8220;solid&#8220; gradient_type=&#8220;default&#8220;][split_line_heading animation_type=&#8220;line-reveal-by-space&#8220; font_style=&#8220;h2&#8243; text_color=&#8220;#000000&#8243; line_reveal_by_space_text_effect=&#8220;default&#8220; mobile_disable_animation=&#8220;true&#8220; content_alignment=&#8220;center&#8220; mobile_content_alignment=&#8220;center&#8220; link_target=&#8220;_self&#8220; font_size_tablet=&#8220;9vw&#8220; font_size_phone=&#8220;8vw&#8220; text_content=&#8220;Bedingungen und Konditionen&#8220;][\/split_line_heading][\/vc_column][\/vc_row][vc_row type=&#8220;in_container&#8220; full_screen_row_position=&#8220;middle&#8220; column_margin=&#8220;default&#8220; column_direction=&#8220;default&#8220; column_direction_tablet=&#8220;default&#8220; column_direction_phone=&#8220;default&#8220; scene_position=&#8220;center&#8220; text_color=&#8220;dark&#8220; text_align=&#8220;left&#8220; row_border_radius=&#8220;none&#8220; row_border_radius_applies=&#8220;bg&#8220; overflow=&#8220;visible&#8220; overlay_strength=&#8220;0.3&#8243; gradient_direction=&#8220;left_to_right&#8220; shape_divider_position=&#8220;bottom&#8220; bg_image_animation=&#8220;none&#8220;][vc_column column_padding=&#8220;no-extra-padding&#8220; column_padding_tablet=&#8220;inherit&#8220; column_padding_phone=&#8220;inherit&#8220; column_padding_position=&#8220;all&#8220; column_element_spacing=&#8220;default&#8220; background_color_opacity=&#8220;1&#8243; background_hover_color_opacity=&#8220;1&#8243; column_shadow=&#8220;none&#8220; column_border_radius=&#8220;none&#8220; column_link_target=&#8220;_self&#8220; column_position=&#8220;default&#8220; gradient_direction=&#8220;left_to_right&#8220; overlay_strength=&#8220;0.3&#8243; width=&#8220;1\/1&#8243; tablet_width_inherit=&#8220;default&#8220; tablet_text_alignment=&#8220;default&#8220; phone_text_alignment=&#8220;default&#8220; animation_type=&#8220;default&#8220; bg_image_animation=&#8220;none&#8220; border_type=&#8220;simple&#8220; column_border_width=&#8220;none&#8220; column_border_style=&#8220;solid&#8220;][vc_column_text]\n<h6><span style=\"color: #fa7b4c;\">Zuletzt aktualisiert: 26. Juli, 2023<\/span><\/h6>\n<p>Bitte lesen Sie diese Nutzungsbedingungen (&#8222;Bedingungen&#8220;, &#8222;Nutzungsbedingungen&#8220;) sorgf\u00e4ltig durch, bevor Sie die von Upliift (&#8222;uns&#8220;, &#8222;wir&#8220; oder &#8222;unser&#8220;) betriebene Website https:\/\/upliift.com\/ nutzen.<\/p>\n<p>Ihr Zugang zu und Ihre Nutzung des Dienstes setzt voraus, dass Sie die vorliegenden Bedingungen akzeptieren und einhalten. Diese Bedingungen gelten f\u00fcr alle Besucher, Nutzer und andere, die auf den Dienst zugreifen oder ihn nutzen.<\/p>\n<p>Durch den Zugriff auf den Dienst oder dessen Nutzung erkl\u00e4ren Sie sich mit diesen Bedingungen einverstanden. Wenn Sie mit irgendeinem Teil der Bedingungen nicht einverstanden sind, d\u00fcrfen Sie nicht auf den Dienst zugreifen.<\/p>\n<h6><span style=\"color: #fa7b4c;\">Urheberrecht und geistiges Eigentum<\/span><\/h6>\n<p>Sofern nicht anders angegeben, sind die Inhalte dieser Website, einschlie\u00dflich, aber nicht beschr\u00e4nkt auf die hierin enthaltenen Texte und Bilder sowie deren Anordnung, Eigentum von Upliift oder deren Kunden. Alle Marken, die auf dieser Website verwendet oder erw\u00e4hnt werden, sind Eigentum ihrer jeweiligen Inhaber.<\/p>\n<p>Nichts auf dieser Website darf so ausgelegt werden, dass es stillschweigend, durch Rechtsverwirkung oder auf andere Weise eine Lizenz oder ein Recht an einem Urheberrecht, einem Patent, einer Marke oder einem anderen Eigentumsrecht von Upliift oder einer dritten Partei gew\u00e4hrt wird. Diese Website und die auf ihr bereitgestellten Inhalte, einschlie\u00dflich, aber nicht beschr\u00e4nkt auf Grafiken, Audio- und Videodateien, Html-Code, Schaltfl\u00e4chen und Text, d\u00fcrfen ohne die vorherige schriftliche Zustimmung von Upliift nicht kopiert, reproduziert, neu ver\u00f6ffentlicht, hochgeladen, gepostet, \u00fcbertragen oder in irgendeiner Weise verteilt werden, mit der Ausnahme, dass Sie eine Kopie der Materialien auf einem einzelnen Computer ausschlie\u00dflich f\u00fcr Ihren pers\u00f6nlichen, nicht-kommerziellen Gebrauch herunterladen, anzeigen und ausdrucken d\u00fcrfen, vorausgesetzt, dass Sie das Material in keiner Weise ver\u00e4ndern und alle Urheberrechts-, Marken- und sonstigen Eigentumsvermerke unver\u00e4ndert lassen.<\/p>\n<h6><span style=\"color: #fa7b4c;\">Links zu anderen Websites<\/span><\/h6>\n<p>Unser Service kann Links zu Websites oder Diensten Dritter enthalten, die nicht im Besitz oder unter der Kontrolle von Upliift sind.<\/p>\n<p>Upliift hat keine Kontrolle \u00fcber und \u00fcbernimmt keine Verantwortung f\u00fcr den Inhalt, die Datenschutzrichtlinien oder die Praktiken von Websites oder Diensten Dritter. Sie erkennen au\u00dferdem an und stimmen zu, dass Upliift weder direkt noch indirekt f\u00fcr Sch\u00e4den oder Verluste verantwortlich oder haftbar ist, die durch oder in Verbindung mit der Nutzung von oder dem Vertrauen auf solche Inhalte, Waren oder Dienstleistungen, die auf oder \u00fcber solche Websites oder Dienstleistungen verf\u00fcgbar sind, verursacht wurden oder angeblich verursacht wurden.<\/p>\n<p>Wir raten Ihnen dringend, die Gesch\u00e4ftsbedingungen und Datenschutzrichtlinien aller Websites oder Dienste Dritter, die Sie besuchen, zu lesen.<\/p>\n<h6><span style=\"color: #fa7b4c;\">Geltendes Recht<\/span><\/h6>\n<p>Diese Bedingungen unterliegen den Gesetzen des Vereinigten K\u00f6nigreichs und sind entsprechend auszulegen, ungeachtet der Bestimmungen des Kollisionsrechts.<\/p>\n<p>Unser Vers\u00e4umnis, ein Recht oder eine Bestimmung dieser Bedingungen durchzusetzen, gilt nicht als Verzicht auf diese Rechte. Falls eine Bestimmung dieser Bedingungen von einem Gericht f\u00fcr ung\u00fcltig oder nicht durchsetzbar erkl\u00e4rt wird, bleiben die \u00fcbrigen Bestimmungen dieser Bedingungen in Kraft. Diese Bedingungen stellen die gesamte Vereinbarung zwischen uns in Bezug auf unseren Service dar und ersetzen alle fr\u00fcheren Vereinbarungen zwischen uns in Bezug auf den Service.<\/p>\n<h6><span style=\"color: #fa7b4c;\">\u00c4nderungen<\/span><\/h6>\n<p>Wir behalten uns das Recht vor, diese Bedingungen jederzeit nach eigenem Ermessen zu \u00e4ndern oder zu ersetzen. Wenn eine \u00c4nderung wesentlich ist, werden wir versuchen, mindestens 15 Tage vor Inkrafttreten der neuen Bedingungen Bescheid zu geben. Was eine wesentliche \u00c4nderung darstellt, wird nach unserem alleinigen Ermessen festgelegt.<\/p>\n<p>Indem Sie nach Inkrafttreten dieser \u00c4nderungen weiterhin auf unseren Service zugreifen oder ihn nutzen, erkl\u00e4ren Sie sich mit den \u00fcberarbeiteten Bedingungen einverstanden. Wenn Sie mit den neuen Bedingungen nicht einverstanden sind, stellen Sie bitte die Nutzung des Dienstes ein.<\/p>\n<h6><span style=\"color: #fa7b4c;\">Kontakt<\/span><\/h6>\n<p>Wenn Sie Fragen zu diesen Bedingungen haben, <a href=\"https:\/\/upliift.com\/de\/kontakt\/\">wenden Sie sich<\/a> bitte <a href=\"https:\/\/upliift.com\/de\/kontakt\/\">an uns<\/a>.[\/vc_column_text][\/vc_column][\/vc_row]\n","protected":false},"excerpt":{"rendered":"<p>[vc_row type=&#8220;in_container&#8220; full_screen_row_position=&#8220;middle&#8220; column_margin=&#8220;default&#8220; equal_height=&#8220;yes&#8220; content_placement=&#8220;middle&#8220; column_direction=&#8220;default&#8220; column_direction_tablet=&#8220;default&#8220; column_direction_phone=&#8220;default&#8220; scene_position=&#8220;center&#8220; constrain_group_2=&#8220;yes&#8220; top_padding_tablet=&#8220;20%&#8220; top_padding_phone=&#8220;25%&#8220; left_padding_phone=&#8220;3%&#8220; constrain_group_6=&#8220;yes&#8220; right_padding_phone=&#8220;3%&#8220; text_color=&#8220;dark&#8220; text_align=&#8220;left&#8220; row_border_radius=&#8220;none&#8220; row_border_radius_applies=&#8220;bg&#8220; zindex=&#8220;100&#8243; overflow=&#8220;visible&#8220; advanced_gradient_angle=&#8220;0&#8243; overlay_strength=&#8220;0.3&#8243; gradient_direction=&#8220;left_to_right&#8220; shape_divider_position=&#8220;bottom&#8220; bg_image_animation=&#8220;fade-in&#8220; gradient_type=&#8220;default&#8220; shape_type=&#8220;&#8220;][vc_column column_padding=&#8220;no-extra-padding&#8220;&#8230;<\/p>\n","protected":false},"author":1,"featured_media":0,"parent":0,"menu_order":0,"comment_status":"closed","ping_status":"closed","template":"","meta":{"om_disable_all_campaigns":false,"_monsterinsights_skip_tracking":false,"_monsterinsights_sitenote_active":false,"_monsterinsights_sitenote_note":"","_monsterinsights_sitenote_category":0,"footnotes":""},"class_list":["post-9542","page","type-page","status-publish"],"aioseo_notices":[],"_links":{"self":[{"href":"https:\/\/upliift.com\/de\/wp-json\/wp\/v2\/pages\/9542","targetHints":{"allow":["GET"]}}],"collection":[{"href":"https:\/\/upliift.com\/de\/wp-json\/wp\/v2\/pages"}],"about":[{"href":"https:\/\/upliift.com\/de\/wp-json\/wp\/v2\/types\/page"}],"author":[{"embeddable":true,"href":"https:\/\/upliift.com\/de\/wp-json\/wp\/v2\/users\/1"}],"replies":[{"embeddable":true,"href":"https:\/\/upliift.com\/de\/wp-json\/wp\/v2\/comments?post=9542"}],"version-history":[{"count":6,"href":"https:\/\/upliift.com\/de\/wp-json\/wp\/v2\/pages\/9542\/revisions"}],"predecessor-version":[{"id":10620,"href":"https:\/\/upliift.com\/de\/wp-json\/wp\/v2\/pages\/9542\/revisions\/10620"}],"wp:attachment":[{"href":"https:\/\/upliift.com\/de\/wp-json\/wp\/v2\/media?parent=9542"}],"curies":[{"name":"wp","href":"https:\/\/api.w.org\/{rel}","templated":true}]}}